{"id":11426,"date":"2022-02-26T18:23:19","date_gmt":"2022-02-26T17:23:19","guid":{"rendered":"https:\/\/www.artetcreation.nl\/des-velos-electriques\/"},"modified":"2023-04-13T14:11:28","modified_gmt":"2023-04-13T12:11:28","slug":"des-velos-electriques","status":"publish","type":"page","link":"https:\/\/www.artetcreation.nl\/fr\/des-velos-electriques\/","title":{"rendered":"Des v\u00e9los \u00e9lectriques"},"content":{"rendered":"\t\t<div data-elementor-type=\"wp-page\" data-elementor-id=\"11426\" class=\"elementor elementor-11426 elementor-7489\">\n\t\t\t\t\t\t<section class=\"elementor-section elementor-top-section elementor-element elementor-element-s9960qa elementor-section-full_width elementor-section-stretched elementor-section-height-default elementor-section-height-default\" data-id=\"s9960qa\" data-element_type=\"section\" data-e-type=\"section\" data-settings=\"{&quot;background_background&quot;:&quot;classic&quot;,&quot;stretch_section&quot;:&quot;section-stretched&quot;}\">\n\t\t\t\t\t\t\t<div class=\"elementor-background-overlay\"><\/div>\n\t\t\t\t\t\t\t<div class=\"elementor-container elementor-column-gap-default\">\n\t\t\t\t\t<div class=\"elementor-column elementor-col-100 elementor-top-column elementor-element elementor-element-4ee5b36\" data-id=\"4ee5b36\" data-element_type=\"column\" data-e-type=\"column\">\n\t\t\t<div class=\"elementor-widget-wrap elementor-element-populated\">\n\t\t\t\t\t\t<div class=\"elementor-element elementor-element-b707b08 elementor-widget elementor-widget-heading\" data-id=\"b707b08\" data-element_type=\"widget\" data-e-type=\"widget\" data-widget_type=\"heading.default\">\n\t\t\t\t<div class=\"elementor-widget-container\">\n\t\t\t\t\t<h1 class=\"elementor-heading-title elementor-size-default\">Des v\u00e9los \u00e9lectriques<\/h1>\t\t\t\t<\/div>\n\t\t\t\t<\/div>\n\t\t\t\t\t<\/div>\n\t\t<\/div>\n\t\t\t\t\t<\/div>\n\t\t<\/section>\n\t\t\t\t<section class=\"elementor-section elementor-top-section elementor-element elementor-element-1e94182 elementor-section-boxed elementor-section-height-default elementor-section-height-default\" data-id=\"1e94182\" data-element_type=\"section\" data-e-type=\"section\">\n\t\t\t\t\t\t<div class=\"elementor-container elementor-column-gap-extended\">\n\t\t\t\t\t<div class=\"elementor-column elementor-col-100 elementor-top-column elementor-element elementor-element-1f78e7f\" data-id=\"1f78e7f\" data-element_type=\"column\" data-e-type=\"column\">\n\t\t\t<div class=\"elementor-widget-wrap elementor-element-populated\">\n\t\t\t\t\t\t<div class=\"elementor-element elementor-element-60785f2 elementor-widget elementor-widget-spacer\" data-id=\"60785f2\" data-element_type=\"widget\" data-e-type=\"widget\" data-widget_type=\"spacer.default\">\n\t\t\t\t<div class=\"elementor-widget-container\">\n\t\t\t\t\t\t\t<div class=\"elementor-spacer\">\n\t\t\t<div class=\"elementor-spacer-inner\"><\/div>\n\t\t<\/div>\n\t\t\t\t\t\t<\/div>\n\t\t\t\t<\/div>\n\t\t\t\t<div class=\"elementor-element elementor-element-046e9ed elementor-widget elementor-widget-heading\" data-id=\"046e9ed\" data-element_type=\"widget\" data-e-type=\"widget\" data-widget_type=\"heading.default\">\n\t\t\t\t<div class=\"elementor-widget-container\">\n\t\t\t\t\t<h2 class=\"elementor-heading-title elementor-size-default\">Des v\u00e9los \u00e0 assistance \u00e9lectrique<\/h2>\t\t\t\t<\/div>\n\t\t\t\t<\/div>\n\t\t\t\t<div class=\"elementor-element elementor-element-2dce193 elementor-widget elementor-widget-text-editor\" data-id=\"2dce193\" data-element_type=\"widget\" data-e-type=\"widget\" data-widget_type=\"text-editor.default\">\n\t\t\t\t<div class=\"elementor-widget-container\">\n\t\t\t\t\t\t\t\t\t<p>Envie de d\u00e9couvrir la r\u00e9gion \u00e0 v\u00e9lo? Chez nous vous pouvez louer un v\u00e9lo \u00e9lectrique pour une journ\u00e9e (ou plusieurs jours). Le support \u00e9lectrique fournit ce petit coup de pouce et facilite beaucoup le cyclisme dans notre r\u00e9gion ! Nos v\u00e9los ont une autonomie pouvant aller jusqu\u2019\u00e0 80 km. Un casque et des sacoches sont fournis. De notre maison, vous rejoindrez imm\u00e9diatement la route du Tour de France et pourrez faire plusieurs belles balades \u00e0 v\u00e9lo. Nos v\u00e9los sont de la marque Scott et sont \u00e9quip\u00e9s de freins \u00e0 disque et de vitesses.<\/p>\n<p>Vous pouvez r\u00e9server vos v\u00e9los en m\u00eame temps que votre chambre en option.<\/p>\n<p>La location est de 20\u20ac par v\u00e9lo par jour.<\/p>\n\t\t\t\t\t\t\t\t<\/div>\n\t\t\t\t<\/div>\n\t\t\t\t<div class=\"elementor-element elementor-element-6a211d5 elementor-widget elementor-widget-heading\" data-id=\"6a211d5\" data-element_type=\"widget\" data-e-type=\"widget\" data-widget_type=\"heading.default\">\n\t\t\t\t<div class=\"elementor-widget-container\">\n\t\t\t\t\t<h2 class=\"elementor-heading-title elementor-size-default\"> Roulez sans forcer et profitez du cadre magnifique<\/h2>\t\t\t\t<\/div>\n\t\t\t\t<\/div>\n\t\t\t\t<div class=\"elementor-element elementor-element-be48859 elementor-widget elementor-widget-spacer\" data-id=\"be48859\" data-element_type=\"widget\" data-e-type=\"widget\" data-widget_type=\"spacer.default\">\n\t\t\t\t<div class=\"elementor-widget-container\">\n\t\t\t\t\t\t\t<div class=\"elementor-spacer\">\n\t\t\t<div class=\"elementor-spacer-inner\"><\/div>\n\t\t<\/div>\n\t\t\t\t\t\t<\/div>\n\t\t\t\t<\/div>\n\t\t\t\t\t<\/div>\n\t\t<\/div>\n\t\t\t\t\t<\/div>\n\t\t<\/section>\n\t\t\t\t<section class=\"elementor-section elementor-top-section elementor-element elementor-element-add33b3 elementor-section-boxed elementor-section-height-default elementor-section-height-default\" data-id=\"add33b3\" data-element_type=\"section\" data-e-type=\"section\">\n\t\t\t\t\t\t<div class=\"elementor-container elementor-column-gap-extended\">\n\t\t\t\t\t<div class=\"elementor-column elementor-col-33 elementor-top-column elementor-element elementor-element-d5bfb19\" data-id=\"d5bfb19\" data-element_type=\"column\" data-e-type=\"column\">\n\t\t\t<div class=\"elementor-widget-wrap elementor-element-populated\">\n\t\t\t\t\t\t<div class=\"elementor-element elementor-element-5aeb3c5 elementor-widget elementor-widget-image\" data-id=\"5aeb3c5\" data-element_type=\"widget\" data-e-type=\"widget\" data-widget_type=\"image.default\">\n\t\t\t\t<div class=\"elementor-widget-container\">\n\t\t\t\t\t\t\t\t\t\t\t\t\t\t\t<img fetchpriority=\"high\" decoding=\"async\" width=\"1024\" height=\"768\" src=\"https:\/\/www.artetcreation.nl\/wp-content\/uploads\/2022\/03\/IMG_5431-1024x768.jpeg\" class=\"attachment-large size-large wp-image-11184\" alt=\"Location de v\u00e9los \u00e9lectriques\" srcset=\"https:\/\/www.artetcreation.nl\/wp-content\/uploads\/2022\/03\/IMG_5431-1024x768.jpeg 1024w, https:\/\/www.artetcreation.nl\/wp-content\/uploads\/2022\/03\/IMG_5431-300x225.jpeg 300w, https:\/\/www.artetcreation.nl\/wp-content\/uploads\/2022\/03\/IMG_5431-768x576.jpeg 768w, https:\/\/www.artetcreation.nl\/wp-content\/uploads\/2022\/03\/IMG_5431-1536x1152.jpeg 1536w, https:\/\/www.artetcreation.nl\/wp-content\/uploads\/2022\/03\/IMG_5431-2048x1536.jpeg 2048w\" sizes=\"(max-width: 1024px) 100vw, 1024px\" \/>\t\t\t\t\t\t\t\t\t\t\t\t\t\t\t<\/div>\n\t\t\t\t<\/div>\n\t\t\t\t<div class=\"elementor-element elementor-element-ed77241 elementor-widget elementor-widget-spacer\" data-id=\"ed77241\" data-element_type=\"widget\" data-e-type=\"widget\" data-widget_type=\"spacer.default\">\n\t\t\t\t<div class=\"elementor-widget-container\">\n\t\t\t\t\t\t\t<div class=\"elementor-spacer\">\n\t\t\t<div class=\"elementor-spacer-inner\"><\/div>\n\t\t<\/div>\n\t\t\t\t\t\t<\/div>\n\t\t\t\t<\/div>\n\t\t\t\t\t<\/div>\n\t\t<\/div>\n\t\t\t\t<div class=\"elementor-column elementor-col-33 elementor-top-column elementor-element elementor-element-a893884\" data-id=\"a893884\" data-element_type=\"column\" data-e-type=\"column\">\n\t\t\t<div class=\"elementor-widget-wrap elementor-element-populated\">\n\t\t\t\t\t\t<div class=\"elementor-element elementor-element-9bbab86 elementor-widget elementor-widget-image\" data-id=\"9bbab86\" data-element_type=\"widget\" data-e-type=\"widget\" data-widget_type=\"image.default\">\n\t\t\t\t<div class=\"elementor-widget-container\">\n\t\t\t\t\t\t\t\t\t\t\t\t\t\t\t<img decoding=\"async\" width=\"1024\" height=\"768\" src=\"https:\/\/www.artetcreation.nl\/wp-content\/uploads\/2022\/03\/IMG_5454-1024x768.jpeg\" class=\"attachment-large size-large wp-image-11180\" alt=\"Location de v\u00e9los \u00e9lectriques\" srcset=\"https:\/\/www.artetcreation.nl\/wp-content\/uploads\/2022\/03\/IMG_5454-1024x768.jpeg 1024w, https:\/\/www.artetcreation.nl\/wp-content\/uploads\/2022\/03\/IMG_5454-300x225.jpeg 300w, https:\/\/www.artetcreation.nl\/wp-content\/uploads\/2022\/03\/IMG_5454-768x576.jpeg 768w, https:\/\/www.artetcreation.nl\/wp-content\/uploads\/2022\/03\/IMG_5454-1536x1152.jpeg 1536w, https:\/\/www.artetcreation.nl\/wp-content\/uploads\/2022\/03\/IMG_5454-2048x1536.jpeg 2048w\" sizes=\"(max-width: 1024px) 100vw, 1024px\" \/>\t\t\t\t\t\t\t\t\t\t\t\t\t\t\t<\/div>\n\t\t\t\t<\/div>\n\t\t\t\t<div class=\"elementor-element elementor-element-5ca675a elementor-widget elementor-widget-spacer\" data-id=\"5ca675a\" data-element_type=\"widget\" data-e-type=\"widget\" data-widget_type=\"spacer.default\">\n\t\t\t\t<div class=\"elementor-widget-container\">\n\t\t\t\t\t\t\t<div class=\"elementor-spacer\">\n\t\t\t<div class=\"elementor-spacer-inner\"><\/div>\n\t\t<\/div>\n\t\t\t\t\t\t<\/div>\n\t\t\t\t<\/div>\n\t\t\t\t\t<\/div>\n\t\t<\/div>\n\t\t\t\t<div class=\"elementor-column elementor-col-33 elementor-top-column elementor-element elementor-element-4060f1a\" data-id=\"4060f1a\" data-element_type=\"column\" data-e-type=\"column\">\n\t\t\t<div class=\"elementor-widget-wrap elementor-element-populated\">\n\t\t\t\t\t\t<div class=\"elementor-element elementor-element-675d1d8 elementor-widget elementor-widget-image\" data-id=\"675d1d8\" data-element_type=\"widget\" data-e-type=\"widget\" data-widget_type=\"image.default\">\n\t\t\t\t<div class=\"elementor-widget-container\">\n\t\t\t\t\t\t\t\t\t\t\t\t\t\t\t<img decoding=\"async\" width=\"1024\" height=\"768\" src=\"https:\/\/www.artetcreation.nl\/wp-content\/uploads\/2022\/03\/IMG_5435-1024x768.jpeg\" class=\"attachment-large size-large wp-image-11182\" alt=\"Route de Tour\" srcset=\"https:\/\/www.artetcreation.nl\/wp-content\/uploads\/2022\/03\/IMG_5435-1024x768.jpeg 1024w, https:\/\/www.artetcreation.nl\/wp-content\/uploads\/2022\/03\/IMG_5435-300x225.jpeg 300w, https:\/\/www.artetcreation.nl\/wp-content\/uploads\/2022\/03\/IMG_5435-768x576.jpeg 768w, https:\/\/www.artetcreation.nl\/wp-content\/uploads\/2022\/03\/IMG_5435-1536x1152.jpeg 1536w, https:\/\/www.artetcreation.nl\/wp-content\/uploads\/2022\/03\/IMG_5435-2048x1536.jpeg 2048w\" sizes=\"(max-width: 1024px) 100vw, 1024px\" \/>\t\t\t\t\t\t\t\t\t\t\t\t\t\t\t<\/div>\n\t\t\t\t<\/div>\n\t\t\t\t<div class=\"elementor-element elementor-element-f8ee5e2 elementor-widget elementor-widget-spacer\" data-id=\"f8ee5e2\" data-element_type=\"widget\" data-e-type=\"widget\" data-widget_type=\"spacer.default\">\n\t\t\t\t<div class=\"elementor-widget-container\">\n\t\t\t\t\t\t\t<div class=\"elementor-spacer\">\n\t\t\t<div class=\"elementor-spacer-inner\"><\/div>\n\t\t<\/div>\n\t\t\t\t\t\t<\/div>\n\t\t\t\t<\/div>\n\t\t\t\t\t<\/div>\n\t\t<\/div>\n\t\t\t\t\t<\/div>\n\t\t<\/section>\n\t\t\t\t<section class=\"elementor-section elementor-top-section elementor-element elementor-element-s5uabf6 elementor-section-full_width elementor-section-stretched elementor-hidden-mobile elementor-section-height-min-height elementor-section-height-default elementor-section-items-middle\" data-id=\"s5uabf6\" data-element_type=\"section\" data-e-type=\"section\" data-settings=\"{&quot;background_background&quot;:&quot;classic&quot;,&quot;stretch_section&quot;:&quot;section-stretched&quot;}\">\n\t\t\t\t\t\t\t<div class=\"elementor-background-overlay\"><\/div>\n\t\t\t\t\t\t\t<div class=\"elementor-container elementor-column-gap-no\">\n\t\t\t\t\t<div class=\"elementor-column elementor-col-100 elementor-top-column elementor-element elementor-element-46610bb\" data-id=\"46610bb\" data-element_type=\"column\" data-e-type=\"column\">\n\t\t\t<div class=\"elementor-widget-wrap elementor-element-populated\">\n\t\t\t\t\t\t<div class=\"elementor-element elementor-element-442e4ac elementor-align-center elementor-icon-list--layout-traditional elementor-list-item-link-full_width elementor-widget elementor-widget-icon-list\" data-id=\"442e4ac\" data-element_type=\"widget\" data-e-type=\"widget\" data-widget_type=\"icon-list.default\">\n\t\t\t\t<div class=\"elementor-widget-container\">\n\t\t\t\t\t\t\t<ul class=\"elementor-icon-list-items\">\n\t\t\t\t\t\t\t<li class=\"elementor-icon-list-item\">\n\t\t\t\t\t\t\t\t\t\t<span class=\"elementor-icon-list-text\"><\/span>\n\t\t\t\t\t\t\t\t\t<\/li>\n\t\t\t\t\t\t<\/ul>\n\t\t\t\t\t\t<\/div>\n\t\t\t\t<\/div>\n\t\t\t\t\t<\/div>\n\t\t<\/div>\n\t\t\t\t\t<\/div>\n\t\t<\/section>\n\t\t\t\t<\/div>\n\t\t","protected":false},"excerpt":{"rendered":"<p>Des v\u00e9los \u00e9lectriques Des v\u00e9los \u00e0 assistance \u00e9lectrique Envie de d\u00e9couvrir la r\u00e9gion \u00e0 v\u00e9lo? Chez nous vous pouvez louer un v\u00e9lo \u00e9lectrique pour une journ\u00e9e (ou plusieurs jours). Le support \u00e9lectrique fournit ce petit coup de pouce et facilite beaucoup le cyclisme dans notre r\u00e9gion ! Nos v\u00e9los ont une autonomie pouvant aller jusqu\u2019\u00e0 [&hellip;]<\/p>\n","protected":false},"author":4,"featured_media":0,"parent":0,"menu_order":0,"comment_status":"closed","ping_status":"closed","template":"","meta":{"site-sidebar-layout":"no-sidebar","site-content-layout":"page-builder","ast-site-content-layout":"","site-content-style":"default","site-sidebar-style":"default","ast-global-header-display":"","ast-banner-title-visibility":"","ast-main-header-display":"","ast-hfb-above-header-display":"","ast-hfb-below-header-display":"","ast-hfb-mobile-header-display":"","site-post-title":"disabled","ast-breadcrumbs-content":"","ast-featured-img":"disabled","footer-sml-layout":"","theme-transparent-header-meta":"","adv-header-id-meta":"","stick-header-meta":"","header-above-stick-meta":"","header-main-stick-meta":"","header-below-stick-meta":"","astra-migrate-meta-layouts":"default","ast-page-background-enabled":"default","ast-page-background-meta":{"desktop":{"background-color":"","background-image":"","background-repeat":"repeat","background-position":"center center","background-size":"auto","background-attachment":"scroll","background-type":"","background-media":"","overlay-type":"","overlay-color":"","overlay-opacity":"","overlay-gradient":""},"tablet":{"background-color":"","background-image":"","background-repeat":"repeat","background-position":"center center","background-size":"auto","background-attachment":"scroll","background-type":"","background-media":"","overlay-type":"","overlay-color":"","overlay-opacity":"","overlay-gradient":""},"mobile":{"background-color":"","background-image":"","background-repeat":"repeat","background-position":"center center","background-size":"auto","background-attachment":"scroll","background-type":"","background-media":"","overlay-type":"","overlay-color":"","overlay-opacity":"","overlay-gradient":""}},"ast-content-background-meta":{"desktop":{"background-color":"var(--ast-global-color-5)","background-image":"","background-repeat":"repeat","background-position":"center center","background-size":"auto","background-attachment":"scroll","background-type":"","background-media":"","overlay-type":"","overlay-color":"","overlay-opacity":"","overlay-gradient":""},"tablet":{"background-color":"var(--ast-global-color-5)","background-image":"","background-repeat":"repeat","background-position":"center center","background-size":"auto","background-attachment":"scroll","background-type":"","background-media":"","overlay-type":"","overlay-color":"","overlay-opacity":"","overlay-gradient":""},"mobile":{"background-color":"var(--ast-global-color-5)","background-image":"","background-repeat":"repeat","background-position":"center center","background-size":"auto","background-attachment":"scroll","background-type":"","background-media":"","overlay-type":"","overlay-color":"","overlay-opacity":"","overlay-gradient":""}},"footnotes":""},"class_list":["post-11426","page","type-page","status-publish","hentry"],"yoast_head":"<!-- This site is optimized with the Yoast SEO plugin v27.2 - https:\/\/yoast.com\/product\/yoast-seo-wordpress\/ -->\n<title>Des v\u00e9los \u00e9lectriques<\/title>\n<meta name=\"description\" content=\"Location de v\u00e9los \u00e9lectriques envie de d\u00e9couvrir la r\u00e9gion \u00e0 v\u00e9lo ? Chez nous, vous pouvez louer un v\u00e9lo \u00e9lectrique \u00e0 la journ\u00e9e.\" \/>\n<meta name=\"robots\" content=\"index, follow, max-snippet:-1, max-image-preview:large, max-video-preview:-1\" \/>\n<link rel=\"canonical\" href=\"https:\/\/www.artetcreation.nl\/fr\/des-velos-electriques\/\" \/>\n<meta property=\"og:locale\" content=\"fr_FR\" \/>\n<meta property=\"og:type\" content=\"article\" \/>\n<meta property=\"og:title\" content=\"Des v\u00e9los \u00e9lectriques\" \/>\n<meta property=\"og:description\" content=\"Location de v\u00e9los \u00e9lectriques envie de d\u00e9couvrir la r\u00e9gion \u00e0 v\u00e9lo ? Chez nous, vous pouvez louer un v\u00e9lo \u00e9lectrique \u00e0 la journ\u00e9e.\" \/>\n<meta property=\"og:url\" content=\"https:\/\/www.artetcreation.nl\/fr\/des-velos-electriques\/\" \/>\n<meta property=\"og:site_name\" content=\"Art et Creation\" \/>\n<meta property=\"article:publisher\" content=\"https:\/\/www.facebook.com\/artetcreation\/\" \/>\n<meta property=\"article:modified_time\" content=\"2023-04-13T12:11:28+00:00\" \/>\n<meta property=\"og:image\" content=\"https:\/\/www.artetcreation.nl\/wp-content\/uploads\/2022\/03\/IMG_5431-1024x768.jpeg\" \/>\n<meta name=\"twitter:card\" content=\"summary_large_image\" \/>\n<meta name=\"twitter:label1\" content=\"Dur\u00e9e de lecture estim\u00e9e\" \/>\n\t<meta name=\"twitter:data1\" content=\"1 minute\" \/>\n<script type=\"application\/ld+json\" class=\"yoast-schema-graph\">{\"@context\":\"https:\/\/schema.org\",\"@graph\":[{\"@type\":\"WebPage\",\"@id\":\"https:\/\/www.artetcreation.nl\/fr\/des-velos-electriques\/\",\"url\":\"https:\/\/www.artetcreation.nl\/fr\/des-velos-electriques\/\",\"name\":\"Des v\u00e9los \u00e9lectriques\",\"isPartOf\":{\"@id\":\"https:\/\/www.artetcreation.nl\/fr\/#website\"},\"primaryImageOfPage\":{\"@id\":\"https:\/\/www.artetcreation.nl\/fr\/des-velos-electriques\/#primaryimage\"},\"image\":{\"@id\":\"https:\/\/www.artetcreation.nl\/fr\/des-velos-electriques\/#primaryimage\"},\"thumbnailUrl\":\"https:\/\/www.artetcreation.nl\/wp-content\/uploads\/2022\/03\/IMG_5431-1024x768.jpeg\",\"datePublished\":\"2022-02-26T17:23:19+00:00\",\"dateModified\":\"2023-04-13T12:11:28+00:00\",\"description\":\"Location de v\u00e9los \u00e9lectriques envie de d\u00e9couvrir la r\u00e9gion \u00e0 v\u00e9lo ? Chez nous, vous pouvez louer un v\u00e9lo \u00e9lectrique \u00e0 la journ\u00e9e.\",\"breadcrumb\":{\"@id\":\"https:\/\/www.artetcreation.nl\/fr\/des-velos-electriques\/#breadcrumb\"},\"inLanguage\":\"fr-FR\",\"potentialAction\":[{\"@type\":\"ReadAction\",\"target\":[\"https:\/\/www.artetcreation.nl\/fr\/des-velos-electriques\/\"]}]},{\"@type\":\"ImageObject\",\"inLanguage\":\"fr-FR\",\"@id\":\"https:\/\/www.artetcreation.nl\/fr\/des-velos-electriques\/#primaryimage\",\"url\":\"https:\/\/www.artetcreation.nl\/wp-content\/uploads\/2022\/03\/IMG_5431-1024x768.jpeg\",\"contentUrl\":\"https:\/\/www.artetcreation.nl\/wp-content\/uploads\/2022\/03\/IMG_5431-1024x768.jpeg\"},{\"@type\":\"BreadcrumbList\",\"@id\":\"https:\/\/www.artetcreation.nl\/fr\/des-velos-electriques\/#breadcrumb\",\"itemListElement\":[{\"@type\":\"ListItem\",\"position\":1,\"name\":\"Home\",\"item\":\"https:\/\/www.artetcreation.nl\/fr\/source-dinspiration-en-auvergne\/\"},{\"@type\":\"ListItem\",\"position\":2,\"name\":\"Des v\u00e9los \u00e9lectriques\"}]},{\"@type\":\"WebSite\",\"@id\":\"https:\/\/www.artetcreation.nl\/fr\/#website\",\"url\":\"https:\/\/www.artetcreation.nl\/fr\/\",\"name\":\"Art et Creation\",\"description\":\"DES VACANCES INSPIRANTES EN PLEINE NATURE\",\"publisher\":{\"@id\":\"https:\/\/www.artetcreation.nl\/fr\/#organization\"},\"potentialAction\":[{\"@type\":\"SearchAction\",\"target\":{\"@type\":\"EntryPoint\",\"urlTemplate\":\"https:\/\/www.artetcreation.nl\/fr\/?s={search_term_string}\"},\"query-input\":{\"@type\":\"PropertyValueSpecification\",\"valueRequired\":true,\"valueName\":\"search_term_string\"}}],\"inLanguage\":\"fr-FR\"},{\"@type\":\"Organization\",\"@id\":\"https:\/\/www.artetcreation.nl\/fr\/#organization\",\"name\":\"Art et Creation\",\"url\":\"https:\/\/www.artetcreation.nl\/fr\/\",\"logo\":{\"@type\":\"ImageObject\",\"inLanguage\":\"fr-FR\",\"@id\":\"https:\/\/www.artetcreation.nl\/fr\/#\/schema\/logo\/image\/\",\"url\":\"https:\/\/pre-prod.artetcreation.nl\/wp-content\/uploads\/2022\/02\/cropped-Wordpress-Transparent-1.png\",\"contentUrl\":\"https:\/\/pre-prod.artetcreation.nl\/wp-content\/uploads\/2022\/02\/cropped-Wordpress-Transparent-1.png\",\"width\":512,\"height\":512,\"caption\":\"Art et Creation\"},\"image\":{\"@id\":\"https:\/\/www.artetcreation.nl\/fr\/#\/schema\/logo\/image\/\"},\"sameAs\":[\"https:\/\/www.facebook.com\/artetcreation\/\",\"https:\/\/www.instagram.com\/artetcreation\/\"]}]}<\/script>\n<!-- \/ Yoast SEO plugin. -->","yoast_head_json":{"title":"Des v\u00e9los \u00e9lectriques","description":"Location de v\u00e9los \u00e9lectriques envie de d\u00e9couvrir la r\u00e9gion \u00e0 v\u00e9lo ? Chez nous, vous pouvez louer un v\u00e9lo \u00e9lectrique \u00e0 la journ\u00e9e.","robots":{"index":"index","follow":"follow","max-snippet":"max-snippet:-1","max-image-preview":"max-image-preview:large","max-video-preview":"max-video-preview:-1"},"canonical":"https:\/\/www.artetcreation.nl\/fr\/des-velos-electriques\/","og_locale":"fr_FR","og_type":"article","og_title":"Des v\u00e9los \u00e9lectriques","og_description":"Location de v\u00e9los \u00e9lectriques envie de d\u00e9couvrir la r\u00e9gion \u00e0 v\u00e9lo ? Chez nous, vous pouvez louer un v\u00e9lo \u00e9lectrique \u00e0 la journ\u00e9e.","og_url":"https:\/\/www.artetcreation.nl\/fr\/des-velos-electriques\/","og_site_name":"Art et Creation","article_publisher":"https:\/\/www.facebook.com\/artetcreation\/","article_modified_time":"2023-04-13T12:11:28+00:00","og_image":[{"url":"https:\/\/www.artetcreation.nl\/wp-content\/uploads\/2022\/03\/IMG_5431-1024x768.jpeg","type":"","width":"","height":""}],"twitter_card":"summary_large_image","twitter_misc":{"Dur\u00e9e de lecture estim\u00e9e":"1 minute"},"schema":{"@context":"https:\/\/schema.org","@graph":[{"@type":"WebPage","@id":"https:\/\/www.artetcreation.nl\/fr\/des-velos-electriques\/","url":"https:\/\/www.artetcreation.nl\/fr\/des-velos-electriques\/","name":"Des v\u00e9los \u00e9lectriques","isPartOf":{"@id":"https:\/\/www.artetcreation.nl\/fr\/#website"},"primaryImageOfPage":{"@id":"https:\/\/www.artetcreation.nl\/fr\/des-velos-electriques\/#primaryimage"},"image":{"@id":"https:\/\/www.artetcreation.nl\/fr\/des-velos-electriques\/#primaryimage"},"thumbnailUrl":"https:\/\/www.artetcreation.nl\/wp-content\/uploads\/2022\/03\/IMG_5431-1024x768.jpeg","datePublished":"2022-02-26T17:23:19+00:00","dateModified":"2023-04-13T12:11:28+00:00","description":"Location de v\u00e9los \u00e9lectriques envie de d\u00e9couvrir la r\u00e9gion \u00e0 v\u00e9lo ? Chez nous, vous pouvez louer un v\u00e9lo \u00e9lectrique \u00e0 la journ\u00e9e.","breadcrumb":{"@id":"https:\/\/www.artetcreation.nl\/fr\/des-velos-electriques\/#breadcrumb"},"inLanguage":"fr-FR","potentialAction":[{"@type":"ReadAction","target":["https:\/\/www.artetcreation.nl\/fr\/des-velos-electriques\/"]}]},{"@type":"ImageObject","inLanguage":"fr-FR","@id":"https:\/\/www.artetcreation.nl\/fr\/des-velos-electriques\/#primaryimage","url":"https:\/\/www.artetcreation.nl\/wp-content\/uploads\/2022\/03\/IMG_5431-1024x768.jpeg","contentUrl":"https:\/\/www.artetcreation.nl\/wp-content\/uploads\/2022\/03\/IMG_5431-1024x768.jpeg"},{"@type":"BreadcrumbList","@id":"https:\/\/www.artetcreation.nl\/fr\/des-velos-electriques\/#breadcrumb","itemListElement":[{"@type":"ListItem","position":1,"name":"Home","item":"https:\/\/www.artetcreation.nl\/fr\/source-dinspiration-en-auvergne\/"},{"@type":"ListItem","position":2,"name":"Des v\u00e9los \u00e9lectriques"}]},{"@type":"WebSite","@id":"https:\/\/www.artetcreation.nl\/fr\/#website","url":"https:\/\/www.artetcreation.nl\/fr\/","name":"Art et Creation","description":"DES VACANCES INSPIRANTES EN PLEINE NATURE","publisher":{"@id":"https:\/\/www.artetcreation.nl\/fr\/#organization"},"potentialAction":[{"@type":"SearchAction","target":{"@type":"EntryPoint","urlTemplate":"https:\/\/www.artetcreation.nl\/fr\/?s={search_term_string}"},"query-input":{"@type":"PropertyValueSpecification","valueRequired":true,"valueName":"search_term_string"}}],"inLanguage":"fr-FR"},{"@type":"Organization","@id":"https:\/\/www.artetcreation.nl\/fr\/#organization","name":"Art et Creation","url":"https:\/\/www.artetcreation.nl\/fr\/","logo":{"@type":"ImageObject","inLanguage":"fr-FR","@id":"https:\/\/www.artetcreation.nl\/fr\/#\/schema\/logo\/image\/","url":"https:\/\/pre-prod.artetcreation.nl\/wp-content\/uploads\/2022\/02\/cropped-Wordpress-Transparent-1.png","contentUrl":"https:\/\/pre-prod.artetcreation.nl\/wp-content\/uploads\/2022\/02\/cropped-Wordpress-Transparent-1.png","width":512,"height":512,"caption":"Art et Creation"},"image":{"@id":"https:\/\/www.artetcreation.nl\/fr\/#\/schema\/logo\/image\/"},"sameAs":["https:\/\/www.facebook.com\/artetcreation\/","https:\/\/www.instagram.com\/artetcreation\/"]}]}},"_links":{"self":[{"href":"https:\/\/www.artetcreation.nl\/fr\/wp-json\/wp\/v2\/pages\/11426","targetHints":{"allow":["GET"]}}],"collection":[{"href":"https:\/\/www.artetcreation.nl\/fr\/wp-json\/wp\/v2\/pages"}],"about":[{"href":"https:\/\/www.artetcreation.nl\/fr\/wp-json\/wp\/v2\/types\/page"}],"author":[{"embeddable":true,"href":"https:\/\/www.artetcreation.nl\/fr\/wp-json\/wp\/v2\/users\/4"}],"replies":[{"embeddable":true,"href":"https:\/\/www.artetcreation.nl\/fr\/wp-json\/wp\/v2\/comments?post=11426"}],"version-history":[{"count":1,"href":"https:\/\/www.artetcreation.nl\/fr\/wp-json\/wp\/v2\/pages\/11426\/revisions"}],"predecessor-version":[{"id":15860,"href":"https:\/\/www.artetcreation.nl\/fr\/wp-json\/wp\/v2\/pages\/11426\/revisions\/15860"}],"wp:attachment":[{"href":"https:\/\/www.artetcreation.nl\/fr\/wp-json\/wp\/v2\/media?parent=11426"}],"curies":[{"name":"wp","href":"https:\/\/api.w.org\/{rel}","templated":true}]}}