{"id":11440,"date":"2022-02-07T18:45:11","date_gmt":"2022-02-07T17:45:11","guid":{"rendered":"https:\/\/www.artetcreation.nl\/un-jardin-avec-une-magnifique-vue-sur-la-vallee\/"},"modified":"2025-01-27T11:14:57","modified_gmt":"2025-01-27T10:14:57","slug":"evadez-vous-dans-un-cadre-inspirant","status":"publish","type":"page","link":"https:\/\/www.artetcreation.nl\/fr\/evadez-vous-dans-un-cadre-inspirant\/","title":{"rendered":"Autour de Saint B\u00e9rain"},"content":{"rendered":"\t\t<div data-elementor-type=\"wp-page\" data-elementor-id=\"11440\" class=\"elementor elementor-11440 elementor-433\">\n\t\t\t\t\t\t<section class=\"elementor-section elementor-top-section elementor-element elementor-element-e059ce7 elementor-section-full_width elementor-section-height-min-height elementor-section-items-bottom elementor-section-stretched elementor-section-height-default\" data-id=\"e059ce7\" data-element_type=\"section\" data-e-type=\"section\" data-settings=\"{&quot;background_background&quot;:&quot;classic&quot;,&quot;stretch_section&quot;:&quot;section-stretched&quot;}\">\n\t\t\t\t\t\t\t<div class=\"elementor-background-overlay\"><\/div>\n\t\t\t\t\t\t\t<div class=\"elementor-container elementor-column-gap-default\">\n\t\t\t\t\t<div class=\"elementor-column elementor-col-100 elementor-top-column elementor-element elementor-element-363bcf8\" data-id=\"363bcf8\" data-element_type=\"column\" data-e-type=\"column\">\n\t\t\t<div class=\"elementor-widget-wrap elementor-element-populated\">\n\t\t\t\t\t\t<div class=\"elementor-element elementor-element-1ccfb59 elementor-widget elementor-widget-heading\" data-id=\"1ccfb59\" data-element_type=\"widget\" data-e-type=\"widget\" data-widget_type=\"heading.default\">\n\t\t\t\t<div class=\"elementor-widget-container\">\n\t\t\t\t\t<h1 class=\"elementor-heading-title elementor-size-default\">Autour de Saint B\u00e9rain<\/h1>\t\t\t\t<\/div>\n\t\t\t\t<\/div>\n\t\t\t\t\t<\/div>\n\t\t<\/div>\n\t\t\t\t\t<\/div>\n\t\t<\/section>\n\t\t\t\t<section class=\"elementor-section elementor-top-section elementor-element elementor-element-879a78d elementor-section-boxed elementor-section-height-default elementor-section-height-default\" data-id=\"879a78d\" data-element_type=\"section\" data-e-type=\"section\">\n\t\t\t\t\t\t<div class=\"elementor-container elementor-column-gap-extended\">\n\t\t\t\t\t<div class=\"elementor-column elementor-col-100 elementor-top-column elementor-element elementor-element-f28b006\" data-id=\"f28b006\" data-element_type=\"column\" data-e-type=\"column\">\n\t\t\t<div class=\"elementor-widget-wrap elementor-element-populated\">\n\t\t\t\t\t\t<div class=\"elementor-element elementor-element-edd0993 elementor-widget elementor-widget-spacer\" data-id=\"edd0993\" data-element_type=\"widget\" data-e-type=\"widget\" data-widget_type=\"spacer.default\">\n\t\t\t\t<div class=\"elementor-widget-container\">\n\t\t\t\t\t\t\t<div class=\"elementor-spacer\">\n\t\t\t<div class=\"elementor-spacer-inner\"><\/div>\n\t\t<\/div>\n\t\t\t\t\t\t<\/div>\n\t\t\t\t<\/div>\n\t\t\t\t<div class=\"elementor-element elementor-element-cee6034 elementor-widget elementor-widget-heading\" data-id=\"cee6034\" data-element_type=\"widget\" data-e-type=\"widget\" data-widget_type=\"heading.default\">\n\t\t\t\t<div class=\"elementor-widget-container\">\n\t\t\t\t\t<h2 class=\"elementor-heading-title elementor-size-default\">Saint B\u00e9rain le village<\/h2>\t\t\t\t<\/div>\n\t\t\t\t<\/div>\n\t\t\t\t\t<\/div>\n\t\t<\/div>\n\t\t\t\t\t<\/div>\n\t\t<\/section>\n\t\t\t\t<section class=\"elementor-section elementor-top-section elementor-element elementor-element-a47feca elementor-section-boxed elementor-section-height-default elementor-section-height-default\" data-id=\"a47feca\" data-element_type=\"section\" data-e-type=\"section\">\n\t\t\t\t\t\t<div class=\"elementor-container elementor-column-gap-default\">\n\t\t\t\t\t<div class=\"elementor-column elementor-col-66 elementor-top-column elementor-element elementor-element-d16bc64\" data-id=\"d16bc64\" data-element_type=\"column\" data-e-type=\"column\">\n\t\t\t<div class=\"elementor-widget-wrap elementor-element-populated\">\n\t\t\t\t\t\t<div class=\"elementor-element elementor-element-72ed335 elementor-widget elementor-widget-text-editor\" data-id=\"72ed335\" data-element_type=\"widget\" data-e-type=\"widget\" data-widget_type=\"text-editor.default\">\n\t\t\t\t<div class=\"elementor-widget-container\">\n\t\t\t\t\t\t\t\t\t<p>\u00c9vadez-vous dans un cadre inspirant au coeur des paysages volcaniques du Massif Central ! Profitez du calme, de la nature et du panorama grandiose ! Le village de Saint-B\u00e9rain, situ\u00e9 \u00e0 1000 m\u00e8tres d'altitude, est un point de d\u00e9part id\u00e9al pour d\u00e9couvrir la r\u00e9gion et son patrimoine naturel et historique riche : l'Allier, une des derni\u00e8res rivi\u00e8res pr\u00e9serv\u00e9es d'Europe o\u00f9 vous pouvez pratiquer des sports d'eaux vives au pied des orgues basaltiques ; promenade \u00e0 v\u00e9lo ou \u00e0 pieds sur les sentiers de randonn\u00e9e ; des \u00e9glises romanes ; la vieille ville remarquable du Puy en Velay, premi\u00e8re \u00e9tape du p\u00e8lerinage de Saint-Jacques de Compostelle <span style=\"font-style: inherit;\">; et de nombreux petits villages authentiques et charmants. Vall\u00e9es tranquilles, en pleine nature... <\/span><\/p>\n\t\t\t\t\t\t\t\t<\/div>\n\t\t\t\t<\/div>\n\t\t\t\t\t<\/div>\n\t\t<\/div>\n\t\t\t\t<div class=\"elementor-column elementor-col-33 elementor-top-column elementor-element elementor-element-f9b39a2\" data-id=\"f9b39a2\" data-element_type=\"column\" data-e-type=\"column\">\n\t\t\t<div class=\"elementor-widget-wrap elementor-element-populated\">\n\t\t\t\t\t\t<div class=\"elementor-element elementor-element-b131a26 elementor-widget__width-inherit elementor-widget elementor-widget-video\" data-id=\"b131a26\" data-element_type=\"widget\" data-e-type=\"widget\" data-settings=\"{&quot;video_type&quot;:&quot;hosted&quot;,&quot;start&quot;:0,&quot;loop&quot;:&quot;yes&quot;,&quot;controls&quot;:&quot;yes&quot;}\" data-widget_type=\"video.default\">\n\t\t\t\t<div class=\"elementor-widget-container\">\n\t\t\t\t\t\t\t<div class=\"e-hosted-video elementor-wrapper elementor-open-inline\">\n\t\t\t\t\t<video class=\"elementor-video\" src=\"https:\/\/www.artetcreation.nl\/wp-content\/uploads\/2022\/12\/Bienvenue-chez-Art-et-Creation-.mov\" loop=\"\" controls=\"\" preload=\"metadata\" controlsList=\"nodownload\" poster=\"https:\/\/www.artetcreation.nl\/wp-content\/uploads\/2022\/03\/Foto-voor-Header-Home-scaled-1.jpg\"><\/video>\n\t\t\t\t<\/div>\n\t\t\t\t\t\t<\/div>\n\t\t\t\t<\/div>\n\t\t\t\t\t<\/div>\n\t\t<\/div>\n\t\t\t\t\t<\/div>\n\t\t<\/section>\n\t\t\t\t<section class=\"elementor-section elementor-top-section elementor-element elementor-element-3b40514 elementor-section-full_width elementor-section-height-min-height elementor-section-stretched elementor-hidden-mobile elementor-section-height-default elementor-section-items-middle\" data-id=\"3b40514\" data-element_type=\"section\" data-e-type=\"section\" data-settings=\"{&quot;background_background&quot;:&quot;classic&quot;,&quot;stretch_section&quot;:&quot;section-stretched&quot;}\">\n\t\t\t\t\t\t\t<div class=\"elementor-background-overlay\"><\/div>\n\t\t\t\t\t\t\t<div class=\"elementor-container elementor-column-gap-no\">\n\t\t\t\t\t<div class=\"elementor-column elementor-col-100 elementor-top-column elementor-element elementor-element-6b6ef4c\" data-id=\"6b6ef4c\" data-element_type=\"column\" data-e-type=\"column\">\n\t\t\t<div class=\"elementor-widget-wrap elementor-element-populated\">\n\t\t\t\t\t\t<div class=\"elementor-element elementor-element-7caa9c5 elementor-widget elementor-widget-heading\" data-id=\"7caa9c5\" data-element_type=\"widget\" data-e-type=\"widget\" data-widget_type=\"heading.default\">\n\t\t\t\t<div class=\"elementor-widget-container\">\n\t\t\t\t\t<h2 class=\"elementor-heading-title elementor-size-default\">\n<\/h2>\t\t\t\t<\/div>\n\t\t\t\t<\/div>\n\t\t\t\t<div class=\"elementor-element elementor-element-b2e6578 elementor-align-center elementor-icon-list--layout-traditional elementor-list-item-link-full_width elementor-widget elementor-widget-icon-list\" data-id=\"b2e6578\" data-element_type=\"widget\" data-e-type=\"widget\" data-widget_type=\"icon-list.default\">\n\t\t\t\t<div class=\"elementor-widget-container\">\n\t\t\t\t\t\t\t<ul class=\"elementor-icon-list-items\">\n\t\t\t\t\t\t\t<li class=\"elementor-icon-list-item\">\n\t\t\t\t\t\t\t\t\t\t<span class=\"elementor-icon-list-text\"><\/span>\n\t\t\t\t\t\t\t\t\t<\/li>\n\t\t\t\t\t\t<\/ul>\n\t\t\t\t\t\t<\/div>\n\t\t\t\t<\/div>\n\t\t\t\t\t<\/div>\n\t\t<\/div>\n\t\t\t\t\t<\/div>\n\t\t<\/section>\n\t\t\t\t<\/div>\n\t\t","protected":false},"excerpt":{"rendered":"<p>Autour de Saint B\u00e9rain Saint B\u00e9rain le village \u00c9vadez-vous dans un cadre inspirant au coeur des paysages volcaniques du Massif Central ! Profitez du calme, de la nature et du panorama grandiose ! Le village de Saint-B\u00e9rain, situ\u00e9 \u00e0 1000 m\u00e8tres d'altitude, est un point de d\u00e9part id\u00e9al pour d\u00e9couvrir la r\u00e9gion et son patrimoine [&hellip;]<\/p>\n","protected":false},"author":4,"featured_media":0,"parent":0,"menu_order":0,"comment_status":"closed","ping_status":"closed","template":"","meta":{"site-sidebar-layout":"no-sidebar","site-content-layout":"page-builder","ast-site-content-layout":"","site-content-style":"default","site-sidebar-style":"default","ast-global-header-display":"","ast-banner-title-visibility":"","ast-main-header-display":"","ast-hfb-above-header-display":"","ast-hfb-below-header-display":"","ast-hfb-mobile-header-display":"","site-post-title":"disabled","ast-breadcrumbs-content":"","ast-featured-img":"disabled","footer-sml-layout":"","theme-transparent-header-meta":"","adv-header-id-meta":"","stick-header-meta":"","header-above-stick-meta":"","header-main-stick-meta":"","header-below-stick-meta":"","astra-migrate-meta-layouts":"default","ast-page-background-enabled":"default","ast-page-background-meta":{"desktop":{"background-color":"","background-image":"","background-repeat":"repeat","background-position":"center center","background-size":"auto","background-attachment":"scroll","background-type":"","background-media":"","overlay-type":"","overlay-color":"","overlay-opacity":"","overlay-gradient":""},"tablet":{"background-color":"","background-image":"","background-repeat":"repeat","background-position":"center center","background-size":"auto","background-attachment":"scroll","background-type":"","background-media":"","overlay-type":"","overlay-color":"","overlay-opacity":"","overlay-gradient":""},"mobile":{"background-color":"","background-image":"","background-repeat":"repeat","background-position":"center center","background-size":"auto","background-attachment":"scroll","background-type":"","background-media":"","overlay-type":"","overlay-color":"","overlay-opacity":"","overlay-gradient":""}},"ast-content-background-meta":{"desktop":{"background-color":"var(--ast-global-color-5)","background-image":"","background-repeat":"repeat","background-position":"center center","background-size":"auto","background-attachment":"scroll","background-type":"","background-media":"","overlay-type":"","overlay-color":"","overlay-opacity":"","overlay-gradient":""},"tablet":{"background-color":"var(--ast-global-color-5)","background-image":"","background-repeat":"repeat","background-position":"center center","background-size":"auto","background-attachment":"scroll","background-type":"","background-media":"","overlay-type":"","overlay-color":"","overlay-opacity":"","overlay-gradient":""},"mobile":{"background-color":"var(--ast-global-color-5)","background-image":"","background-repeat":"repeat","background-position":"center center","background-size":"auto","background-attachment":"scroll","background-type":"","background-media":"","overlay-type":"","overlay-color":"","overlay-opacity":"","overlay-gradient":""}},"footnotes":""},"class_list":["post-11440","page","type-page","status-publish","hentry"],"yoast_head":"<!-- This site is optimized with the Yoast SEO plugin v27.5 - https:\/\/yoast.com\/product\/yoast-seo-wordpress\/ -->\n<title>\u00c9vadez-vous dans un cadre inspirant au coeur des paysages volcaniques du Massif Central !<\/title>\n<meta name=\"description\" content=\"\u00c9vadez-vous dans un cadre inspirant au coeur des paysages volcaniques du Massif Central ! Profitez du calme, de la nature et du panorama grandiose ! Le village de Saint-B\u00e9rain, situ\u00e9 \u00e0 1000 m\u00e8tres d&#039;altitude, est un point de d\u00e9part id\u00e9al pour d\u00e9couvrir la r\u00e9gion et son patrimoine naturel et historique riche \u00c9vadez-vous dans un cadre inspirant au coeur des paysages volcaniques du Massif Central !\" \/>\n<meta name=\"robots\" content=\"index, follow, max-snippet:-1, max-image-preview:large, max-video-preview:-1\" \/>\n<link rel=\"canonical\" href=\"https:\/\/www.artetcreation.nl\/fr\/evadez-vous-dans-un-cadre-inspirant\/\" \/>\n<meta property=\"og:locale\" content=\"fr_FR\" \/>\n<meta property=\"og:type\" content=\"article\" \/>\n<meta property=\"og:title\" content=\"\u00c9vadez-vous dans un cadre inspirant au coeur des paysages volcaniques du Massif Central !\" \/>\n<meta property=\"og:description\" content=\"\u00c9vadez-vous dans un cadre inspirant au coeur des paysages volcaniques du Massif Central ! Profitez du calme, de la nature et du panorama grandiose ! Le village de Saint-B\u00e9rain, situ\u00e9 \u00e0 1000 m\u00e8tres d&#039;altitude, est un point de d\u00e9part id\u00e9al pour d\u00e9couvrir la r\u00e9gion et son patrimoine naturel et historique riche \u00c9vadez-vous dans un cadre inspirant au coeur des paysages volcaniques du Massif Central !\" \/>\n<meta property=\"og:url\" content=\"https:\/\/www.artetcreation.nl\/fr\/evadez-vous-dans-un-cadre-inspirant\/\" \/>\n<meta property=\"og:site_name\" content=\"Art et Creation\" \/>\n<meta property=\"article:publisher\" content=\"https:\/\/www.facebook.com\/artetcreation\/\" \/>\n<meta property=\"article:modified_time\" content=\"2025-01-27T10:14:57+00:00\" \/>\n<meta name=\"twitter:card\" content=\"summary_large_image\" \/>\n<meta name=\"twitter:label1\" content=\"Dur\u00e9e de lecture estim\u00e9e\" \/>\n\t<meta name=\"twitter:data1\" content=\"20 minutes\" \/>\n<script type=\"application\/ld+json\" class=\"yoast-schema-graph\">{\"@context\":\"https:\\\/\\\/schema.org\",\"@graph\":[{\"@type\":\"WebPage\",\"@id\":\"https:\\\/\\\/www.artetcreation.nl\\\/fr\\\/evadez-vous-dans-un-cadre-inspirant\\\/\",\"url\":\"https:\\\/\\\/www.artetcreation.nl\\\/fr\\\/evadez-vous-dans-un-cadre-inspirant\\\/\",\"name\":\"\u00c9vadez-vous dans un cadre inspirant au coeur des paysages volcaniques du Massif Central !\",\"isPartOf\":{\"@id\":\"https:\\\/\\\/www.artetcreation.nl\\\/fr\\\/#website\"},\"datePublished\":\"2022-02-07T17:45:11+00:00\",\"dateModified\":\"2025-01-27T10:14:57+00:00\",\"description\":\"\u00c9vadez-vous dans un cadre inspirant au coeur des paysages volcaniques du Massif Central ! Profitez du calme, de la nature et du panorama grandiose ! Le village de Saint-B\u00e9rain, situ\u00e9 \u00e0 1000 m\u00e8tres d'altitude, est un point de d\u00e9part id\u00e9al pour d\u00e9couvrir la r\u00e9gion et son patrimoine naturel et historique riche \u00c9vadez-vous dans un cadre inspirant au coeur des paysages volcaniques du Massif Central !\",\"breadcrumb\":{\"@id\":\"https:\\\/\\\/www.artetcreation.nl\\\/fr\\\/evadez-vous-dans-un-cadre-inspirant\\\/#breadcrumb\"},\"inLanguage\":\"fr-FR\",\"potentialAction\":[{\"@type\":\"ReadAction\",\"target\":[\"https:\\\/\\\/www.artetcreation.nl\\\/fr\\\/evadez-vous-dans-un-cadre-inspirant\\\/\"]}]},{\"@type\":\"BreadcrumbList\",\"@id\":\"https:\\\/\\\/www.artetcreation.nl\\\/fr\\\/evadez-vous-dans-un-cadre-inspirant\\\/#breadcrumb\",\"itemListElement\":[{\"@type\":\"ListItem\",\"position\":1,\"name\":\"Home\",\"item\":\"https:\\\/\\\/www.artetcreation.nl\\\/fr\\\/source-dinspiration-en-auvergne\\\/\"},{\"@type\":\"ListItem\",\"position\":2,\"name\":\"Autour de Saint B\u00e9rain\"}]},{\"@type\":\"WebSite\",\"@id\":\"https:\\\/\\\/www.artetcreation.nl\\\/fr\\\/#website\",\"url\":\"https:\\\/\\\/www.artetcreation.nl\\\/fr\\\/\",\"name\":\"Art et Creation\",\"description\":\"DES VACANCES INSPIRANTES EN PLEINE NATURE\",\"publisher\":{\"@id\":\"https:\\\/\\\/www.artetcreation.nl\\\/fr\\\/#organization\"},\"potentialAction\":[{\"@type\":\"SearchAction\",\"target\":{\"@type\":\"EntryPoint\",\"urlTemplate\":\"https:\\\/\\\/www.artetcreation.nl\\\/fr\\\/?s={search_term_string}\"},\"query-input\":{\"@type\":\"PropertyValueSpecification\",\"valueRequired\":true,\"valueName\":\"search_term_string\"}}],\"inLanguage\":\"fr-FR\"},{\"@type\":\"Organization\",\"@id\":\"https:\\\/\\\/www.artetcreation.nl\\\/fr\\\/#organization\",\"name\":\"Art et Creation\",\"url\":\"https:\\\/\\\/www.artetcreation.nl\\\/fr\\\/\",\"logo\":{\"@type\":\"ImageObject\",\"inLanguage\":\"fr-FR\",\"@id\":\"https:\\\/\\\/www.artetcreation.nl\\\/fr\\\/#\\\/schema\\\/logo\\\/image\\\/\",\"url\":\"https:\\\/\\\/pre-prod.artetcreation.nl\\\/wp-content\\\/uploads\\\/2022\\\/02\\\/cropped-Wordpress-Transparent-1.png\",\"contentUrl\":\"https:\\\/\\\/pre-prod.artetcreation.nl\\\/wp-content\\\/uploads\\\/2022\\\/02\\\/cropped-Wordpress-Transparent-1.png\",\"width\":512,\"height\":512,\"caption\":\"Art et Creation\"},\"image\":{\"@id\":\"https:\\\/\\\/www.artetcreation.nl\\\/fr\\\/#\\\/schema\\\/logo\\\/image\\\/\"},\"sameAs\":[\"https:\\\/\\\/www.facebook.com\\\/artetcreation\\\/\",\"https:\\\/\\\/www.instagram.com\\\/artetcreation\\\/\"]}]}<\/script>\n<!-- \/ Yoast SEO plugin. -->","yoast_head_json":{"title":"\u00c9vadez-vous dans un cadre inspirant au coeur des paysages volcaniques du Massif Central !","description":"\u00c9vadez-vous dans un cadre inspirant au coeur des paysages volcaniques du Massif Central ! Profitez du calme, de la nature et du panorama grandiose ! Le village de Saint-B\u00e9rain, situ\u00e9 \u00e0 1000 m\u00e8tres d'altitude, est un point de d\u00e9part id\u00e9al pour d\u00e9couvrir la r\u00e9gion et son patrimoine naturel et historique riche \u00c9vadez-vous dans un cadre inspirant au coeur des paysages volcaniques du Massif Central !","robots":{"index":"index","follow":"follow","max-snippet":"max-snippet:-1","max-image-preview":"max-image-preview:large","max-video-preview":"max-video-preview:-1"},"canonical":"https:\/\/www.artetcreation.nl\/fr\/evadez-vous-dans-un-cadre-inspirant\/","og_locale":"fr_FR","og_type":"article","og_title":"\u00c9vadez-vous dans un cadre inspirant au coeur des paysages volcaniques du Massif Central !","og_description":"\u00c9vadez-vous dans un cadre inspirant au coeur des paysages volcaniques du Massif Central ! Profitez du calme, de la nature et du panorama grandiose ! Le village de Saint-B\u00e9rain, situ\u00e9 \u00e0 1000 m\u00e8tres d'altitude, est un point de d\u00e9part id\u00e9al pour d\u00e9couvrir la r\u00e9gion et son patrimoine naturel et historique riche \u00c9vadez-vous dans un cadre inspirant au coeur des paysages volcaniques du Massif Central !","og_url":"https:\/\/www.artetcreation.nl\/fr\/evadez-vous-dans-un-cadre-inspirant\/","og_site_name":"Art et Creation","article_publisher":"https:\/\/www.facebook.com\/artetcreation\/","article_modified_time":"2025-01-27T10:14:57+00:00","twitter_card":"summary_large_image","twitter_misc":{"Dur\u00e9e de lecture estim\u00e9e":"20 minutes"},"schema":{"@context":"https:\/\/schema.org","@graph":[{"@type":"WebPage","@id":"https:\/\/www.artetcreation.nl\/fr\/evadez-vous-dans-un-cadre-inspirant\/","url":"https:\/\/www.artetcreation.nl\/fr\/evadez-vous-dans-un-cadre-inspirant\/","name":"\u00c9vadez-vous dans un cadre inspirant au coeur des paysages volcaniques du Massif Central !","isPartOf":{"@id":"https:\/\/www.artetcreation.nl\/fr\/#website"},"datePublished":"2022-02-07T17:45:11+00:00","dateModified":"2025-01-27T10:14:57+00:00","description":"\u00c9vadez-vous dans un cadre inspirant au coeur des paysages volcaniques du Massif Central ! Profitez du calme, de la nature et du panorama grandiose ! Le village de Saint-B\u00e9rain, situ\u00e9 \u00e0 1000 m\u00e8tres d'altitude, est un point de d\u00e9part id\u00e9al pour d\u00e9couvrir la r\u00e9gion et son patrimoine naturel et historique riche \u00c9vadez-vous dans un cadre inspirant au coeur des paysages volcaniques du Massif Central !","breadcrumb":{"@id":"https:\/\/www.artetcreation.nl\/fr\/evadez-vous-dans-un-cadre-inspirant\/#breadcrumb"},"inLanguage":"fr-FR","potentialAction":[{"@type":"ReadAction","target":["https:\/\/www.artetcreation.nl\/fr\/evadez-vous-dans-un-cadre-inspirant\/"]}]},{"@type":"BreadcrumbList","@id":"https:\/\/www.artetcreation.nl\/fr\/evadez-vous-dans-un-cadre-inspirant\/#breadcrumb","itemListElement":[{"@type":"ListItem","position":1,"name":"Home","item":"https:\/\/www.artetcreation.nl\/fr\/source-dinspiration-en-auvergne\/"},{"@type":"ListItem","position":2,"name":"Autour de Saint B\u00e9rain"}]},{"@type":"WebSite","@id":"https:\/\/www.artetcreation.nl\/fr\/#website","url":"https:\/\/www.artetcreation.nl\/fr\/","name":"Art et Creation","description":"DES VACANCES INSPIRANTES EN PLEINE NATURE","publisher":{"@id":"https:\/\/www.artetcreation.nl\/fr\/#organization"},"potentialAction":[{"@type":"SearchAction","target":{"@type":"EntryPoint","urlTemplate":"https:\/\/www.artetcreation.nl\/fr\/?s={search_term_string}"},"query-input":{"@type":"PropertyValueSpecification","valueRequired":true,"valueName":"search_term_string"}}],"inLanguage":"fr-FR"},{"@type":"Organization","@id":"https:\/\/www.artetcreation.nl\/fr\/#organization","name":"Art et Creation","url":"https:\/\/www.artetcreation.nl\/fr\/","logo":{"@type":"ImageObject","inLanguage":"fr-FR","@id":"https:\/\/www.artetcreation.nl\/fr\/#\/schema\/logo\/image\/","url":"https:\/\/pre-prod.artetcreation.nl\/wp-content\/uploads\/2022\/02\/cropped-Wordpress-Transparent-1.png","contentUrl":"https:\/\/pre-prod.artetcreation.nl\/wp-content\/uploads\/2022\/02\/cropped-Wordpress-Transparent-1.png","width":512,"height":512,"caption":"Art et Creation"},"image":{"@id":"https:\/\/www.artetcreation.nl\/fr\/#\/schema\/logo\/image\/"},"sameAs":["https:\/\/www.facebook.com\/artetcreation\/","https:\/\/www.instagram.com\/artetcreation\/"]}]}},"_links":{"self":[{"href":"https:\/\/www.artetcreation.nl\/fr\/wp-json\/wp\/v2\/pages\/11440","targetHints":{"allow":["GET"]}}],"collection":[{"href":"https:\/\/www.artetcreation.nl\/fr\/wp-json\/wp\/v2\/pages"}],"about":[{"href":"https:\/\/www.artetcreation.nl\/fr\/wp-json\/wp\/v2\/types\/page"}],"author":[{"embeddable":true,"href":"https:\/\/www.artetcreation.nl\/fr\/wp-json\/wp\/v2\/users\/4"}],"replies":[{"embeddable":true,"href":"https:\/\/www.artetcreation.nl\/fr\/wp-json\/wp\/v2\/comments?post=11440"}],"version-history":[{"count":6,"href":"https:\/\/www.artetcreation.nl\/fr\/wp-json\/wp\/v2\/pages\/11440\/revisions"}],"predecessor-version":[{"id":17138,"href":"https:\/\/www.artetcreation.nl\/fr\/wp-json\/wp\/v2\/pages\/11440\/revisions\/17138"}],"wp:attachment":[{"href":"https:\/\/www.artetcreation.nl\/fr\/wp-json\/wp\/v2\/media?parent=11440"}],"curies":[{"name":"wp","href":"https:\/\/api.w.org\/{rel}","templated":true}]}}