{"id":11566,"date":"2022-02-27T10:06:55","date_gmt":"2022-02-27T09:06:55","guid":{"rendered":"https:\/\/www.artetcreation.nl\/conditions-generales-dutilisation\/"},"modified":"2022-03-29T16:46:08","modified_gmt":"2022-03-29T14:46:08","slug":"conditions-generales-dutilisation","status":"publish","type":"page","link":"https:\/\/www.artetcreation.nl\/fr\/conditions-generales-dutilisation\/","title":{"rendered":"Conditions g\u00e9n\u00e9rales d\u2019Utilisation"},"content":{"rendered":"\t\t<div data-elementor-type=\"wp-page\" data-elementor-id=\"11566\" class=\"elementor elementor-11566 elementor-7519\">\n\t\t\t\t\t\t<section class=\"elementor-section elementor-top-section elementor-element elementor-element-86a772b elementor-section-boxed elementor-section-height-default elementor-section-height-default\" data-id=\"86a772b\" data-element_type=\"section\" data-e-type=\"section\">\n\t\t\t\t\t\t<div class=\"elementor-container elementor-column-gap-default\">\n\t\t\t\t\t<div class=\"elementor-column elementor-col-100 elementor-top-column elementor-element elementor-element-38c62a2\" data-id=\"38c62a2\" data-element_type=\"column\" data-e-type=\"column\">\n\t\t\t<div class=\"elementor-widget-wrap elementor-element-populated\">\n\t\t\t\t\t\t<div class=\"elementor-element elementor-element-307de40 elementor-widget elementor-widget-spacer\" data-id=\"307de40\" data-element_type=\"widget\" data-e-type=\"widget\" data-widget_type=\"spacer.default\">\n\t\t\t\t<div class=\"elementor-widget-container\">\n\t\t\t\t\t\t\t<div class=\"elementor-spacer\">\n\t\t\t<div class=\"elementor-spacer-inner\"><\/div>\n\t\t<\/div>\n\t\t\t\t\t\t<\/div>\n\t\t\t\t<\/div>\n\t\t\t\t<div class=\"elementor-element elementor-element-23fedfb elementor-widget elementor-widget-heading\" data-id=\"23fedfb\" data-element_type=\"widget\" data-e-type=\"widget\" data-widget_type=\"heading.default\">\n\t\t\t\t<div class=\"elementor-widget-container\">\n\t\t\t\t\t<h2 class=\"elementor-heading-title elementor-size-default\">Conditions g\u00e9n\u00e9rales d\u2019Utilisation<\/h2>\t\t\t\t<\/div>\n\t\t\t\t<\/div>\n\t\t\t\t<div class=\"elementor-element elementor-element-3e67ce1 elementor-widget elementor-widget-text-editor\" data-id=\"3e67ce1\" data-element_type=\"widget\" data-e-type=\"widget\" data-widget_type=\"text-editor.default\">\n\t\t\t\t<div class=\"elementor-widget-container\">\n\t\t\t\t\t\t\t\t\t<p><strong>Conditions g\u00e9n\u00e9rales d\u2019Utilisation pour www.artetcreation.nl\/fr<\/strong><\/p>\n<p>Sur cette page, vous trouverez la Conditions g\u00e9n\u00e9rales d\u2019Utilisation de www.artetcreation.nl\/fr , mise \u00e0 disposition par Art et Creation. Conditions g\u00e9n\u00e9rales d\u2019utilisation du site et des services propos\u00e9s.<\/p>\n<p><strong>Propri\u00e9t\u00e9 intellectuelle et contrefa\u00e7ons. <\/strong><\/p>\n<p>Art et Creation est propri\u00e9taire des droits de propri\u00e9t\u00e9 intellectuelle et d\u00e9tient les droits d\u2019usage sur tous les \u00e9l\u00e9ments accessibles sur le site internet, notamment les textes, images, graphismes, logos, vid\u00e9os, ic\u00f4nes et sons. Toute reproduction, repr\u00e9sentation, modification, publication, adaptation de tout ou partie des \u00e9l\u00e9ments du site, quel que soit le moyen ou le proc\u00e9d\u00e9 utilis\u00e9, est interdite,<\/p>\n<p>sauf autorisation \u00e9crite pr\u00e9alable de Art et Creation. Toute exploitation non autoris\u00e9e du site ou de l\u2019un quelconque des \u00e9l\u00e9ments qu\u2019il contient sera consid\u00e9r\u00e9e comme constitutive d\u2019une contrefa\u00e7on et poursuivie conform\u00e9ment aux dispositions des articles L.335-2 et suivants du Code de Propri\u00e9t\u00e9 Intellectuelle<\/p>\n<p><strong>Limitations de responsabilit\u00e9<\/strong><\/p>\n<p>Le site internet https:\/\/www.artetcreation.nl\/fr\/ a pour objet de fournir une information concernant l\u2019ensemble des activit\u00e9s de la soci\u00e9t\u00e9 Art et Creation s\u2019efforce de fournir sur le site https:\/\/www.artetcreation.nl\/fr\/ des informations aussi pr\u00e9cises que possible. Toutefois, il ne pourra \u00eatre tenu responsable des oublis, des inexactitudes et des carences dans la mise \u00e0 jour, qu\u2019elles soient de son fait ou du fait des tiers partenaires qui lui fournissent ces informations.<\/p>\n<p>Toutes les informations indiqu\u00e9es sur le site https:\/\/www.artetcreation.nl\/fr\/ sont donn\u00e9es \u00e0 titre indicatif, et sont susceptibles d\u2019\u00e9voluer. Par ailleurs, les renseignements figurant sur le site https:\/\/www.artetcreation.nl\/fr\/ ne sont pas exhaustifs. Ils sont donn\u00e9s sous r\u00e9serve de modifications ayant \u00e9t\u00e9 apport\u00e9es depuis leur mise en ligne. Pour les prix sur notre site, nous nous effor\u00e7ons d'\u00eatre la repr\u00e9sentation la plus fid\u00e8le de la r\u00e9alit\u00e9 et des prix envisag\u00e9s. Les erreurs qui surviennent et sont reconnaissables comme des erreurs de programmation ou de frappe, ne constituent jamais une raison pour r\u00e9clamer ou assumer un contrat ou un accord avec Art et Cr\u00e9ation.<\/p>\n<p><\/p>\n<p>Pour des questions et plus d'informations, veuillez nous contacter \u00e0 info@artetcreation.nl<\/p>\t\t\t\t\t\t\t\t<\/div>\n\t\t\t\t<\/div>\n\t\t\t\t\t<\/div>\n\t\t<\/div>\n\t\t\t\t\t<\/div>\n\t\t<\/section>\n\t\t\t\t<\/div>\n\t\t","protected":false},"excerpt":{"rendered":"<p>Conditions g\u00e9n\u00e9rales d\u2019Utilisation Conditions g\u00e9n\u00e9rales d\u2019Utilisation pour www.artetcreation.nl\/fr Sur cette page, vous trouverez la Conditions g\u00e9n\u00e9rales d\u2019Utilisation de www.artetcreation.nl\/fr , mise \u00e0 disposition par Art et Creation. Conditions g\u00e9n\u00e9rales d\u2019utilisation du site et des services propos\u00e9s. Propri\u00e9t\u00e9 intellectuelle et contrefa\u00e7ons. Art et Creation est propri\u00e9taire des droits de propri\u00e9t\u00e9 intellectuelle et d\u00e9tient les droits d\u2019usage [&hellip;]<\/p>\n","protected":false},"author":4,"featured_media":0,"parent":0,"menu_order":0,"comment_status":"closed","ping_status":"closed","template":"elementor_header_footer","meta":{"site-sidebar-layout":"no-sidebar","site-content-layout":"page-builder","ast-site-content-layout":"","site-content-style":"default","site-sidebar-style":"default","ast-global-header-display":"","ast-banner-title-visibility":"","ast-main-header-display":"","ast-hfb-above-header-display":"","ast-hfb-below-header-display":"","ast-hfb-mobile-header-display":"","site-post-title":"disabled","ast-breadcrumbs-content":"","ast-featured-img":"disabled","footer-sml-layout":"","theme-transparent-header-meta":"","adv-header-id-meta":"","stick-header-meta":"","header-above-stick-meta":"","header-main-stick-meta":"","header-below-stick-meta":"","astra-migrate-meta-layouts":"default","ast-page-background-enabled":"default","ast-page-background-meta":{"desktop":{"background-color":"","background-image":"","background-repeat":"repeat","background-position":"center center","background-size":"auto","background-attachment":"scroll","background-type":"","background-media":"","overlay-type":"","overlay-color":"","overlay-opacity":"","overlay-gradient":""},"tablet":{"background-color":"","background-image":"","background-repeat":"repeat","background-position":"center center","background-size":"auto","background-attachment":"scroll","background-type":"","background-media":"","overlay-type":"","overlay-color":"","overlay-opacity":"","overlay-gradient":""},"mobile":{"background-color":"","background-image":"","background-repeat":"repeat","background-position":"center center","background-size":"auto","background-attachment":"scroll","background-type":"","background-media":"","overlay-type":"","overlay-color":"","overlay-opacity":"","overlay-gradient":""}},"ast-content-background-meta":{"desktop":{"background-color":"var(--ast-global-color-5)","background-image":"","background-repeat":"repeat","background-position":"center center","background-size":"auto","background-attachment":"scroll","background-type":"","background-media":"","overlay-type":"","overlay-color":"","overlay-opacity":"","overlay-gradient":""},"tablet":{"background-color":"var(--ast-global-color-5)","background-image":"","background-repeat":"repeat","background-position":"center center","background-size":"auto","background-attachment":"scroll","background-type":"","background-media":"","overlay-type":"","overlay-color":"","overlay-opacity":"","overlay-gradient":""},"mobile":{"background-color":"var(--ast-global-color-5)","background-image":"","background-repeat":"repeat","background-position":"center center","background-size":"auto","background-attachment":"scroll","background-type":"","background-media":"","overlay-type":"","overlay-color":"","overlay-opacity":"","overlay-gradient":""}},"footnotes":""},"class_list":["post-11566","page","type-page","status-publish","hentry"],"yoast_head":"<!-- This site is optimized with the Yoast SEO plugin v27.4 - https:\/\/yoast.com\/product\/yoast-seo-wordpress\/ -->\n<title>Conditions g\u00e9n\u00e9rales d\u2019Utilisation<\/title>\n<meta name=\"description\" content=\"Sur cette page, vous trouverez Conditions g\u00e9n\u00e9rales d\u2019Utilisation de www.artetcreation.nl\/fr , mise \u00e0 disposition par Art et Creation.\" \/>\n<meta name=\"robots\" content=\"index, follow, max-snippet:-1, max-image-preview:large, max-video-preview:-1\" \/>\n<link rel=\"canonical\" href=\"https:\/\/www.artetcreation.nl\/fr\/conditions-generales-dutilisation\/\" \/>\n<meta property=\"og:locale\" content=\"fr_FR\" \/>\n<meta property=\"og:type\" content=\"article\" \/>\n<meta property=\"og:title\" content=\"Conditions g\u00e9n\u00e9rales d\u2019Utilisation\" \/>\n<meta property=\"og:description\" content=\"Sur cette page, vous trouverez Conditions g\u00e9n\u00e9rales d\u2019Utilisation de www.artetcreation.nl\/fr , mise \u00e0 disposition par Art et Creation.\" \/>\n<meta property=\"og:url\" content=\"https:\/\/www.artetcreation.nl\/fr\/conditions-generales-dutilisation\/\" \/>\n<meta property=\"og:site_name\" content=\"Art et Creation\" \/>\n<meta property=\"article:publisher\" content=\"https:\/\/www.facebook.com\/artetcreation\/\" \/>\n<meta property=\"article:modified_time\" content=\"2022-03-29T14:46:08+00:00\" \/>\n<meta name=\"twitter:card\" content=\"summary_large_image\" \/>\n<meta name=\"twitter:label1\" content=\"Dur\u00e9e de lecture estim\u00e9e\" \/>\n\t<meta name=\"twitter:data1\" content=\"2 minutes\" \/>\n<script type=\"application\/ld+json\" class=\"yoast-schema-graph\">{\"@context\":\"https:\\\/\\\/schema.org\",\"@graph\":[{\"@type\":\"WebPage\",\"@id\":\"https:\\\/\\\/www.artetcreation.nl\\\/fr\\\/conditions-generales-dutilisation\\\/\",\"url\":\"https:\\\/\\\/www.artetcreation.nl\\\/fr\\\/conditions-generales-dutilisation\\\/\",\"name\":\"Conditions g\u00e9n\u00e9rales d\u2019Utilisation\",\"isPartOf\":{\"@id\":\"https:\\\/\\\/www.artetcreation.nl\\\/fr\\\/#website\"},\"datePublished\":\"2022-02-27T09:06:55+00:00\",\"dateModified\":\"2022-03-29T14:46:08+00:00\",\"description\":\"Sur cette page, vous trouverez Conditions g\u00e9n\u00e9rales d\u2019Utilisation de www.artetcreation.nl\\\/fr , mise \u00e0 disposition par Art et Creation.\",\"breadcrumb\":{\"@id\":\"https:\\\/\\\/www.artetcreation.nl\\\/fr\\\/conditions-generales-dutilisation\\\/#breadcrumb\"},\"inLanguage\":\"fr-FR\",\"potentialAction\":[{\"@type\":\"ReadAction\",\"target\":[\"https:\\\/\\\/www.artetcreation.nl\\\/fr\\\/conditions-generales-dutilisation\\\/\"]}]},{\"@type\":\"BreadcrumbList\",\"@id\":\"https:\\\/\\\/www.artetcreation.nl\\\/fr\\\/conditions-generales-dutilisation\\\/#breadcrumb\",\"itemListElement\":[{\"@type\":\"ListItem\",\"position\":1,\"name\":\"Home\",\"item\":\"https:\\\/\\\/www.artetcreation.nl\\\/fr\\\/source-dinspiration-en-auvergne\\\/\"},{\"@type\":\"ListItem\",\"position\":2,\"name\":\"Conditions g\u00e9n\u00e9rales d\u2019Utilisation\"}]},{\"@type\":\"WebSite\",\"@id\":\"https:\\\/\\\/www.artetcreation.nl\\\/fr\\\/#website\",\"url\":\"https:\\\/\\\/www.artetcreation.nl\\\/fr\\\/\",\"name\":\"Art et Creation\",\"description\":\"DES VACANCES INSPIRANTES EN PLEINE NATURE\",\"publisher\":{\"@id\":\"https:\\\/\\\/www.artetcreation.nl\\\/fr\\\/#organization\"},\"potentialAction\":[{\"@type\":\"SearchAction\",\"target\":{\"@type\":\"EntryPoint\",\"urlTemplate\":\"https:\\\/\\\/www.artetcreation.nl\\\/fr\\\/?s={search_term_string}\"},\"query-input\":{\"@type\":\"PropertyValueSpecification\",\"valueRequired\":true,\"valueName\":\"search_term_string\"}}],\"inLanguage\":\"fr-FR\"},{\"@type\":\"Organization\",\"@id\":\"https:\\\/\\\/www.artetcreation.nl\\\/fr\\\/#organization\",\"name\":\"Art et Creation\",\"url\":\"https:\\\/\\\/www.artetcreation.nl\\\/fr\\\/\",\"logo\":{\"@type\":\"ImageObject\",\"inLanguage\":\"fr-FR\",\"@id\":\"https:\\\/\\\/www.artetcreation.nl\\\/fr\\\/#\\\/schema\\\/logo\\\/image\\\/\",\"url\":\"https:\\\/\\\/pre-prod.artetcreation.nl\\\/wp-content\\\/uploads\\\/2022\\\/02\\\/cropped-Wordpress-Transparent-1.png\",\"contentUrl\":\"https:\\\/\\\/pre-prod.artetcreation.nl\\\/wp-content\\\/uploads\\\/2022\\\/02\\\/cropped-Wordpress-Transparent-1.png\",\"width\":512,\"height\":512,\"caption\":\"Art et Creation\"},\"image\":{\"@id\":\"https:\\\/\\\/www.artetcreation.nl\\\/fr\\\/#\\\/schema\\\/logo\\\/image\\\/\"},\"sameAs\":[\"https:\\\/\\\/www.facebook.com\\\/artetcreation\\\/\",\"https:\\\/\\\/www.instagram.com\\\/artetcreation\\\/\"]}]}<\/script>\n<!-- \/ Yoast SEO plugin. -->","yoast_head_json":{"title":"Conditions g\u00e9n\u00e9rales d\u2019Utilisation","description":"Sur cette page, vous trouverez Conditions g\u00e9n\u00e9rales d\u2019Utilisation de www.artetcreation.nl\/fr , mise \u00e0 disposition par Art et Creation.","robots":{"index":"index","follow":"follow","max-snippet":"max-snippet:-1","max-image-preview":"max-image-preview:large","max-video-preview":"max-video-preview:-1"},"canonical":"https:\/\/www.artetcreation.nl\/fr\/conditions-generales-dutilisation\/","og_locale":"fr_FR","og_type":"article","og_title":"Conditions g\u00e9n\u00e9rales d\u2019Utilisation","og_description":"Sur cette page, vous trouverez Conditions g\u00e9n\u00e9rales d\u2019Utilisation de www.artetcreation.nl\/fr , mise \u00e0 disposition par Art et Creation.","og_url":"https:\/\/www.artetcreation.nl\/fr\/conditions-generales-dutilisation\/","og_site_name":"Art et Creation","article_publisher":"https:\/\/www.facebook.com\/artetcreation\/","article_modified_time":"2022-03-29T14:46:08+00:00","twitter_card":"summary_large_image","twitter_misc":{"Dur\u00e9e de lecture estim\u00e9e":"2 minutes"},"schema":{"@context":"https:\/\/schema.org","@graph":[{"@type":"WebPage","@id":"https:\/\/www.artetcreation.nl\/fr\/conditions-generales-dutilisation\/","url":"https:\/\/www.artetcreation.nl\/fr\/conditions-generales-dutilisation\/","name":"Conditions g\u00e9n\u00e9rales d\u2019Utilisation","isPartOf":{"@id":"https:\/\/www.artetcreation.nl\/fr\/#website"},"datePublished":"2022-02-27T09:06:55+00:00","dateModified":"2022-03-29T14:46:08+00:00","description":"Sur cette page, vous trouverez Conditions g\u00e9n\u00e9rales d\u2019Utilisation de www.artetcreation.nl\/fr , mise \u00e0 disposition par Art et Creation.","breadcrumb":{"@id":"https:\/\/www.artetcreation.nl\/fr\/conditions-generales-dutilisation\/#breadcrumb"},"inLanguage":"fr-FR","potentialAction":[{"@type":"ReadAction","target":["https:\/\/www.artetcreation.nl\/fr\/conditions-generales-dutilisation\/"]}]},{"@type":"BreadcrumbList","@id":"https:\/\/www.artetcreation.nl\/fr\/conditions-generales-dutilisation\/#breadcrumb","itemListElement":[{"@type":"ListItem","position":1,"name":"Home","item":"https:\/\/www.artetcreation.nl\/fr\/source-dinspiration-en-auvergne\/"},{"@type":"ListItem","position":2,"name":"Conditions g\u00e9n\u00e9rales d\u2019Utilisation"}]},{"@type":"WebSite","@id":"https:\/\/www.artetcreation.nl\/fr\/#website","url":"https:\/\/www.artetcreation.nl\/fr\/","name":"Art et Creation","description":"DES VACANCES INSPIRANTES EN PLEINE NATURE","publisher":{"@id":"https:\/\/www.artetcreation.nl\/fr\/#organization"},"potentialAction":[{"@type":"SearchAction","target":{"@type":"EntryPoint","urlTemplate":"https:\/\/www.artetcreation.nl\/fr\/?s={search_term_string}"},"query-input":{"@type":"PropertyValueSpecification","valueRequired":true,"valueName":"search_term_string"}}],"inLanguage":"fr-FR"},{"@type":"Organization","@id":"https:\/\/www.artetcreation.nl\/fr\/#organization","name":"Art et Creation","url":"https:\/\/www.artetcreation.nl\/fr\/","logo":{"@type":"ImageObject","inLanguage":"fr-FR","@id":"https:\/\/www.artetcreation.nl\/fr\/#\/schema\/logo\/image\/","url":"https:\/\/pre-prod.artetcreation.nl\/wp-content\/uploads\/2022\/02\/cropped-Wordpress-Transparent-1.png","contentUrl":"https:\/\/pre-prod.artetcreation.nl\/wp-content\/uploads\/2022\/02\/cropped-Wordpress-Transparent-1.png","width":512,"height":512,"caption":"Art et Creation"},"image":{"@id":"https:\/\/www.artetcreation.nl\/fr\/#\/schema\/logo\/image\/"},"sameAs":["https:\/\/www.facebook.com\/artetcreation\/","https:\/\/www.instagram.com\/artetcreation\/"]}]}},"_links":{"self":[{"href":"https:\/\/www.artetcreation.nl\/fr\/wp-json\/wp\/v2\/pages\/11566","targetHints":{"allow":["GET"]}}],"collection":[{"href":"https:\/\/www.artetcreation.nl\/fr\/wp-json\/wp\/v2\/pages"}],"about":[{"href":"https:\/\/www.artetcreation.nl\/fr\/wp-json\/wp\/v2\/types\/page"}],"author":[{"embeddable":true,"href":"https:\/\/www.artetcreation.nl\/fr\/wp-json\/wp\/v2\/users\/4"}],"replies":[{"embeddable":true,"href":"https:\/\/www.artetcreation.nl\/fr\/wp-json\/wp\/v2\/comments?post=11566"}],"version-history":[{"count":0,"href":"https:\/\/www.artetcreation.nl\/fr\/wp-json\/wp\/v2\/pages\/11566\/revisions"}],"wp:attachment":[{"href":"https:\/\/www.artetcreation.nl\/fr\/wp-json\/wp\/v2\/media?parent=11566"}],"curies":[{"name":"wp","href":"https:\/\/api.w.org\/{rel}","templated":true}]}}