{"id":11583,"date":"2022-02-27T09:57:18","date_gmt":"2022-02-27T08:57:18","guid":{"rendered":"https:\/\/www.artetcreation.nl\/politique-de-confidentialite\/"},"modified":"2022-04-10T12:01:43","modified_gmt":"2022-04-10T10:01:43","slug":"politique-de-confidentialite-en-ligne-et-dutilisation-des-cookies","status":"publish","type":"page","link":"https:\/\/www.artetcreation.nl\/fr\/politique-de-confidentialite-en-ligne-et-dutilisation-des-cookies\/","title":{"rendered":"Politique de confidentialit\u00e9 en ligne et d\u2019utilisation des cookies"},"content":{"rendered":"\t\t<div data-elementor-type=\"wp-page\" data-elementor-id=\"11583\" class=\"elementor elementor-11583 elementor-7511\">\n\t\t\t\t\t\t<section class=\"elementor-section elementor-top-section elementor-element elementor-element-956b384 elementor-section-boxed elementor-section-height-default elementor-section-height-default\" data-id=\"956b384\" data-element_type=\"section\" data-e-type=\"section\">\n\t\t\t\t\t\t<div class=\"elementor-container elementor-column-gap-extended\">\n\t\t\t\t\t<div class=\"elementor-column elementor-col-100 elementor-top-column elementor-element elementor-element-fd04992\" data-id=\"fd04992\" data-element_type=\"column\" data-e-type=\"column\">\n\t\t\t<div class=\"elementor-widget-wrap elementor-element-populated\">\n\t\t\t\t\t\t<div class=\"elementor-element elementor-element-c113527 elementor-widget elementor-widget-spacer\" data-id=\"c113527\" data-element_type=\"widget\" data-e-type=\"widget\" data-widget_type=\"spacer.default\">\n\t\t\t\t<div class=\"elementor-widget-container\">\n\t\t\t\t\t\t\t<div class=\"elementor-spacer\">\n\t\t\t<div class=\"elementor-spacer-inner\"><\/div>\n\t\t<\/div>\n\t\t\t\t\t\t<\/div>\n\t\t\t\t<\/div>\n\t\t\t\t<div class=\"elementor-element elementor-element-20a80b6 elementor-widget elementor-widget-heading\" data-id=\"20a80b6\" data-element_type=\"widget\" data-e-type=\"widget\" data-widget_type=\"heading.default\">\n\t\t\t\t<div class=\"elementor-widget-container\">\n\t\t\t\t\t<h2 class=\"elementor-heading-title elementor-size-default\">Politique de confidentialit\u00e9 en ligne et d\u2019utilisation des cookies<\/h2>\t\t\t\t<\/div>\n\t\t\t\t<\/div>\n\t\t\t\t<div class=\"elementor-element elementor-element-5965ab7 elementor-widget elementor-widget-text-editor\" data-id=\"5965ab7\" data-element_type=\"widget\" data-e-type=\"widget\" data-widget_type=\"text-editor.default\">\n\t\t\t\t<div class=\"elementor-widget-container\">\n\t\t\t\t\t\t\t\t\t<div class=\"page\" title=\"Page 1\"><div class=\"layoutArea\"><div class=\"column\"> <\/div><\/div><\/div><div class=\"page\" title=\"Page 2\"><div class=\"layoutArea\"><div class=\"column\"><div class=\"page\" title=\"Page 1\"><div class=\"layoutArea\"><div class=\"column\"><p>Art et Creation, situ\u00e9 \u00e0 43300 Le Bourg Saint B\u00e9rain France, est responsable du traitement des donn\u00e9es personnelles tel qu\u2019indiqu\u00e9 dans cette d\u00e9claration de Politique de confidentialit\u00e9 en ligne et d\u2019utilisation des cookies<\/p><p>Coordonn\u00e9es :<br>https:\/\/www.artetcreation.nl<br>https:\/\/www.artetcreation.nl 43300 Le Bourg Saint B\u00e9rain France +330471742944<br>+330471742944<\/p><p>Jaap van der Wal est responsable de la protection des donn\u00e9es de Art et Creation <\/p><p>Il peut \u00eatre contact\u00e9 via info@artetcreation.nl<\/p><p>Traitement des donn\u00e9es personnelles<\/p><p>Art et Creation traite vos donn\u00e9es personnelles car vous utilisez nos services et\/ou parce que vous nous les fournissez vous-m\u00eame. <\/p><p>Vous trouverez ci-dessous un aper\u00e7u des donn\u00e9es \u00e0 caract\u00e8re personnel que nous traitons :<\/p><p>\u2013 Pr\u00e9nom et nom de famille <\/p><p>\u2013 Les donn\u00e9es d\u2019adresse<br>\u2013 Le num\u00e9ro de t\u00e9l\u00e9phone<br>\u2013 Adresse e-mail<\/p><p>Traitement des donn\u00e9es personnelles sp\u00e9cifiques<\/p><p>Notre site Web et\/ou services ne collecte pas les donn\u00e9es personnelles des moins de 16 ans. Except\u00e9 s\u2019ils ont l\u2019autorisation parentale ou du tuteur. <\/p><p>Toutefois, nous ne pouvons pas v\u00e9rifier si un visiteur est \u00e2g\u00e9 de moins de 16 ans. Nous conseillons donc aux parents de s\u2019impliquer dans les activit\u00e9s en ligne de leurs enfants, afin d\u2019\u00e9viter que leurs donn\u00e9es ne soient pas collect\u00e9es sans le consentement parental.<\/p><p> Si vous \u00eates convaincu que nous avons collect\u00e9 des informations personnelles sur votre enfant sans autorisation, veuillez nous contacter \u00e0 info@artetcreation.nl et nous supprimerons ces informations.<\/p><p>Dans quel but et sur quelle base traitons-nous les donn\u00e9es personnelles<\/p><p>Art et Cr\u00e9ation traite vos donn\u00e9es personnelles pour les finalit\u00e9s suivantes :<\/p><p>\u2013Votre r\u00e8glement<br>\u2013 Appel et\/ou envoi d\u2019e-mail si cela est n\u00e9cessaire dans le cadre de nos services<br>\u2013 Information ou modification de nos services et produits<br>\u2013 Traitement l\u00e9gal obligatoire (d\u00e9claration d\u2019imp\u00f4ts par exemple)<\/p><p>Dur\u00e9e de conservation des donn\u00e9es personnelles<\/p><p>Art et Cr\u00e9ation ne conserve pas vos donn\u00e9es personnelles plus longtemps que strictement n\u00e9cessaire <\/p><p>: voir d\u00e9tails ci-dessus (finalit\u00e9s des donn\u00e9es personnelles) Cette p\u00e9riode de conservation est de 3 ans.<\/p><p>Partage de donn\u00e9es personnelles avec des tiers<\/p><p>Art et Cr\u00e9ation ne vend pas vos donn\u00e9es personnelles, except\u00e9 dans le cas de n\u00e9cessit\u00e9 de l\u2019ex\u00e9cution de notre accord avec vous ou pour se conformer \u00e0 une obligation l\u00e9gale. <\/p><p>Nous concluons un accord de sous-traitance avec les entreprises qui traitent vos donn\u00e9es pour notre compte afin de garantir le m\u00eame niveau de s\u00e9curit\u00e9 et de confidentialit\u00e9 de vos donn\u00e9es. Art et Creation reste responsable de ces op\u00e9rations de traitement.<\/p><p>Les cookies ou techniques similaires utilis\u00e9s<\/p><p>Art et Creation n\u2019utilise que des cookies techniques et fonctionnels, ainsi qu\u2019analytiques qui ne portent pas atteinte \u00e0 votre vie priv\u00e9e.<\/p><p> Un cookie est un petit fichier texte qui est stock\u00e9 sur votre ordinateur, tablette ou smartphone lors de votre premi\u00e8re visite sur ce site. Les cookies que nous utilisons sont n\u00e9cessaires au fonctionnement technique du site et \u00e0 votre confort d\u2019utilisation. Ils garantissent le bon fonctionnement du site Web et, par exemple, m\u00e9morisent vos param\u00e8tres pr\u00e9f\u00e9r\u00e9s. <\/p><p>Cela nous permet \u00e9galement d\u2019optimiser notre site Web. Vous pouvez d\u00e9sactiver les cookies en configurant votre navigateur Internet. Vous pouvez \u00e9galement supprimer toutes les informations pr\u00e9c\u00e9demment enregistr\u00e9es via les param\u00e8tres de votre navigateur.<\/p><\/div><\/div><div class=\"layoutArea\"><div class=\"column\"><p>Visualiser, modifier ou supprimer des donn\u00e9es<\/p><\/div><\/div><\/div><div class=\"page\" title=\"Page 2\"><div class=\"layoutArea\"><div class=\"column\"><p>Vous avez le droit de consulter, de corriger ou de supprimer vos donn\u00e9es personnelles, <\/p><p>\u00e9galement de retirer votre consentement au traitement des donn\u00e9es ou de vous opposer au traitement de vos donn\u00e9es personnelles par Art et Cr\u00e9ation, et vous avez le droit \u00e0 la portabilit\u00e9 des donn\u00e9es. <\/p><p>Sur demande, nous pouvons vous transmettre le d\u00e9tail de vos donn\u00e9es personnelles que nous stockons (ou par un autre sous-traitant) \u00e0 l\u2019adresse info@artetcreation.nl Suite \u00e0 quoi vous pourrez corriger, supprimer, transf\u00e9rer vos donn\u00e9es, retirer votre consentement ou vous opposer au traitement de vos donn\u00e9es. <\/p><p>Par s\u00e9curit\u00e9 pour vous, lors de votre demande, nous vous demandons d\u2019envoyer une copie de votre pi\u00e8ce d\u2019identit\u00e9 ou passeport en ayant au pr\u00e9alable masquer les num\u00e9ros d\u2019identification pr\u00e9sent en bas des documents. <span style=\"font-style: inherit;\">Ceci afin de prot\u00e9ger votre vie priv\u00e9e. <\/span><\/p><p><span style=\"font-style: inherit;\">Nous r\u00e9pondrons \u00e0 votre demande dans un d\u00e9lai maximum de quatre semaines. Art et Creation tient \u00e9galement \u00e0 souligner que vous avez la possibilit\u00e9 de d\u00e9poser une plainte aupr\u00e8s de l\u2019autorit\u00e9 nationale CNIL. Vous pouvez le faire via le lien suivant : https:\/\/www.cnil.fr\/fr\/adresser-une-plainte<\/span><\/p><p>Protection de vos donn\u00e9es personnelles<\/p><p>Art et Creation prend la protection de vos donn\u00e9es personnelles au s\u00e9rieux et prend les mesures appropri\u00e9es pour emp\u00eacher l\u2019utilisation abusive, la perte, l\u2019acc\u00e8s non autoris\u00e9, la divulgation non d\u00e9sir\u00e9e et la modification non autoris\u00e9e. Si vous avez l\u2019impression que vos donn\u00e9es ne sont pas correctement s\u00e9curis\u00e9es ou s\u2019il y a des indications d\u2019utilisation abusive, veuillez nous contacter via info@artetcreation.nl<\/p><\/div><\/div><\/div><\/div><\/div><\/div>\t\t\t\t\t\t\t\t<\/div>\n\t\t\t\t<\/div>\n\t\t\t\t\t<\/div>\n\t\t<\/div>\n\t\t\t\t\t<\/div>\n\t\t<\/section>\n\t\t\t\t<\/div>\n\t\t","protected":false},"excerpt":{"rendered":"<p>Politique de confidentialit\u00e9 en ligne et d\u2019utilisation des cookies Art et Creation, situ\u00e9 \u00e0 43300 Le Bourg Saint B\u00e9rain France, est responsable du traitement des donn\u00e9es personnelles tel qu\u2019indiqu\u00e9 dans cette d\u00e9claration de Politique de confidentialit\u00e9 en ligne et d\u2019utilisation des cookies Coordonn\u00e9es :https:\/\/www.artetcreation.nlhttps:\/\/www.artetcreation.nl 43300 Le Bourg Saint B\u00e9rain France +330471742944+330471742944 Jaap van der Wal [&hellip;]<\/p>\n","protected":false},"author":4,"featured_media":0,"parent":0,"menu_order":0,"comment_status":"closed","ping_status":"closed","template":"elementor_header_footer","meta":{"site-sidebar-layout":"no-sidebar","site-content-layout":"page-builder","ast-site-content-layout":"","site-content-style":"default","site-sidebar-style":"default","ast-global-header-display":"","ast-banner-title-visibility":"","ast-main-header-display":"","ast-hfb-above-header-display":"","ast-hfb-below-header-display":"","ast-hfb-mobile-header-display":"","site-post-title":"disabled","ast-breadcrumbs-content":"","ast-featured-img":"disabled","footer-sml-layout":"","theme-transparent-header-meta":"","adv-header-id-meta":"","stick-header-meta":"","header-above-stick-meta":"","header-main-stick-meta":"","header-below-stick-meta":"","astra-migrate-meta-layouts":"default","ast-page-background-enabled":"default","ast-page-background-meta":{"desktop":{"background-color":"","background-image":"","background-repeat":"repeat","background-position":"center center","background-size":"auto","background-attachment":"scroll","background-type":"","background-media":"","overlay-type":"","overlay-color":"","overlay-opacity":"","overlay-gradient":""},"tablet":{"background-color":"","background-image":"","background-repeat":"repeat","background-position":"center center","background-size":"auto","background-attachment":"scroll","background-type":"","background-media":"","overlay-type":"","overlay-color":"","overlay-opacity":"","overlay-gradient":""},"mobile":{"background-color":"","background-image":"","background-repeat":"repeat","background-position":"center center","background-size":"auto","background-attachment":"scroll","background-type":"","background-media":"","overlay-type":"","overlay-color":"","overlay-opacity":"","overlay-gradient":""}},"ast-content-background-meta":{"desktop":{"background-color":"var(--ast-global-color-5)","background-image":"","background-repeat":"repeat","background-position":"center center","background-size":"auto","background-attachment":"scroll","background-type":"","background-media":"","overlay-type":"","overlay-color":"","overlay-opacity":"","overlay-gradient":""},"tablet":{"background-color":"var(--ast-global-color-5)","background-image":"","background-repeat":"repeat","background-position":"center center","background-size":"auto","background-attachment":"scroll","background-type":"","background-media":"","overlay-type":"","overlay-color":"","overlay-opacity":"","overlay-gradient":""},"mobile":{"background-color":"var(--ast-global-color-5)","background-image":"","background-repeat":"repeat","background-position":"center center","background-size":"auto","background-attachment":"scroll","background-type":"","background-media":"","overlay-type":"","overlay-color":"","overlay-opacity":"","overlay-gradient":""}},"footnotes":""},"class_list":["post-11583","page","type-page","status-publish","hentry"],"yoast_head":"<!-- This site is optimized with the Yoast SEO plugin v27.4 - https:\/\/yoast.com\/product\/yoast-seo-wordpress\/ -->\n<title>Politique de confidentialit\u00e9<\/title>\n<meta name=\"description\" content=\"Art et Creation, situ\u00e9 \u00e0 43300 Le Bourg Saint B\u00e9rain France, est responsable du traitement des donn\u00e9es personnelles tel qu\u2019indiqu\u00e9 dans cette d\u00e9claration de Politique de confidentialit\u00e9 en ligne et d\u2019utilisation des cookies\" \/>\n<meta name=\"robots\" content=\"index, follow, max-snippet:-1, max-image-preview:large, max-video-preview:-1\" \/>\n<link rel=\"canonical\" href=\"https:\/\/www.artetcreation.nl\/fr\/politique-de-confidentialite-en-ligne-et-dutilisation-des-cookies\/\" \/>\n<meta property=\"og:locale\" content=\"fr_FR\" \/>\n<meta property=\"og:type\" content=\"article\" \/>\n<meta property=\"og:title\" content=\"Politique de confidentialit\u00e9\" \/>\n<meta property=\"og:description\" content=\"Art et Creation, situ\u00e9 \u00e0 43300 Le Bourg Saint B\u00e9rain France, est responsable du traitement des donn\u00e9es personnelles tel qu\u2019indiqu\u00e9 dans cette d\u00e9claration de Politique de confidentialit\u00e9 en ligne et d\u2019utilisation des cookies\" \/>\n<meta property=\"og:url\" content=\"https:\/\/www.artetcreation.nl\/fr\/politique-de-confidentialite-en-ligne-et-dutilisation-des-cookies\/\" \/>\n<meta property=\"og:site_name\" content=\"Art et Creation\" \/>\n<meta property=\"article:publisher\" content=\"https:\/\/www.facebook.com\/artetcreation\/\" \/>\n<meta property=\"article:modified_time\" content=\"2022-04-10T10:01:43+00:00\" \/>\n<meta name=\"twitter:card\" content=\"summary_large_image\" \/>\n<meta name=\"twitter:label1\" content=\"Dur\u00e9e de lecture estim\u00e9e\" \/>\n\t<meta name=\"twitter:data1\" content=\"4 minutes\" \/>\n<script type=\"application\/ld+json\" class=\"yoast-schema-graph\">{\"@context\":\"https:\\\/\\\/schema.org\",\"@graph\":[{\"@type\":\"WebPage\",\"@id\":\"https:\\\/\\\/www.artetcreation.nl\\\/fr\\\/politique-de-confidentialite-en-ligne-et-dutilisation-des-cookies\\\/\",\"url\":\"https:\\\/\\\/www.artetcreation.nl\\\/fr\\\/politique-de-confidentialite-en-ligne-et-dutilisation-des-cookies\\\/\",\"name\":\"Politique de confidentialit\u00e9\",\"isPartOf\":{\"@id\":\"https:\\\/\\\/www.artetcreation.nl\\\/fr\\\/#website\"},\"datePublished\":\"2022-02-27T08:57:18+00:00\",\"dateModified\":\"2022-04-10T10:01:43+00:00\",\"description\":\"Art et Creation, situ\u00e9 \u00e0 43300 Le Bourg Saint B\u00e9rain France, est responsable du traitement des donn\u00e9es personnelles tel qu\u2019indiqu\u00e9 dans cette d\u00e9claration de Politique de confidentialit\u00e9 en ligne et d\u2019utilisation des cookies\",\"breadcrumb\":{\"@id\":\"https:\\\/\\\/www.artetcreation.nl\\\/fr\\\/politique-de-confidentialite-en-ligne-et-dutilisation-des-cookies\\\/#breadcrumb\"},\"inLanguage\":\"fr-FR\",\"potentialAction\":[{\"@type\":\"ReadAction\",\"target\":[\"https:\\\/\\\/www.artetcreation.nl\\\/fr\\\/politique-de-confidentialite-en-ligne-et-dutilisation-des-cookies\\\/\"]}]},{\"@type\":\"BreadcrumbList\",\"@id\":\"https:\\\/\\\/www.artetcreation.nl\\\/fr\\\/politique-de-confidentialite-en-ligne-et-dutilisation-des-cookies\\\/#breadcrumb\",\"itemListElement\":[{\"@type\":\"ListItem\",\"position\":1,\"name\":\"Home\",\"item\":\"https:\\\/\\\/www.artetcreation.nl\\\/fr\\\/source-dinspiration-en-auvergne\\\/\"},{\"@type\":\"ListItem\",\"position\":2,\"name\":\"Politique de confidentialit\u00e9 en ligne et d\u2019utilisation des cookies\"}]},{\"@type\":\"WebSite\",\"@id\":\"https:\\\/\\\/www.artetcreation.nl\\\/fr\\\/#website\",\"url\":\"https:\\\/\\\/www.artetcreation.nl\\\/fr\\\/\",\"name\":\"Art et Creation\",\"description\":\"DES VACANCES INSPIRANTES EN PLEINE NATURE\",\"publisher\":{\"@id\":\"https:\\\/\\\/www.artetcreation.nl\\\/fr\\\/#organization\"},\"potentialAction\":[{\"@type\":\"SearchAction\",\"target\":{\"@type\":\"EntryPoint\",\"urlTemplate\":\"https:\\\/\\\/www.artetcreation.nl\\\/fr\\\/?s={search_term_string}\"},\"query-input\":{\"@type\":\"PropertyValueSpecification\",\"valueRequired\":true,\"valueName\":\"search_term_string\"}}],\"inLanguage\":\"fr-FR\"},{\"@type\":\"Organization\",\"@id\":\"https:\\\/\\\/www.artetcreation.nl\\\/fr\\\/#organization\",\"name\":\"Art et Creation\",\"url\":\"https:\\\/\\\/www.artetcreation.nl\\\/fr\\\/\",\"logo\":{\"@type\":\"ImageObject\",\"inLanguage\":\"fr-FR\",\"@id\":\"https:\\\/\\\/www.artetcreation.nl\\\/fr\\\/#\\\/schema\\\/logo\\\/image\\\/\",\"url\":\"https:\\\/\\\/pre-prod.artetcreation.nl\\\/wp-content\\\/uploads\\\/2022\\\/02\\\/cropped-Wordpress-Transparent-1.png\",\"contentUrl\":\"https:\\\/\\\/pre-prod.artetcreation.nl\\\/wp-content\\\/uploads\\\/2022\\\/02\\\/cropped-Wordpress-Transparent-1.png\",\"width\":512,\"height\":512,\"caption\":\"Art et Creation\"},\"image\":{\"@id\":\"https:\\\/\\\/www.artetcreation.nl\\\/fr\\\/#\\\/schema\\\/logo\\\/image\\\/\"},\"sameAs\":[\"https:\\\/\\\/www.facebook.com\\\/artetcreation\\\/\",\"https:\\\/\\\/www.instagram.com\\\/artetcreation\\\/\"]}]}<\/script>\n<!-- \/ Yoast SEO plugin. -->","yoast_head_json":{"title":"Politique de confidentialit\u00e9","description":"Art et Creation, situ\u00e9 \u00e0 43300 Le Bourg Saint B\u00e9rain France, est responsable du traitement des donn\u00e9es personnelles tel qu\u2019indiqu\u00e9 dans cette d\u00e9claration de Politique de confidentialit\u00e9 en ligne et d\u2019utilisation des cookies","robots":{"index":"index","follow":"follow","max-snippet":"max-snippet:-1","max-image-preview":"max-image-preview:large","max-video-preview":"max-video-preview:-1"},"canonical":"https:\/\/www.artetcreation.nl\/fr\/politique-de-confidentialite-en-ligne-et-dutilisation-des-cookies\/","og_locale":"fr_FR","og_type":"article","og_title":"Politique de confidentialit\u00e9","og_description":"Art et Creation, situ\u00e9 \u00e0 43300 Le Bourg Saint B\u00e9rain France, est responsable du traitement des donn\u00e9es personnelles tel qu\u2019indiqu\u00e9 dans cette d\u00e9claration de Politique de confidentialit\u00e9 en ligne et d\u2019utilisation des cookies","og_url":"https:\/\/www.artetcreation.nl\/fr\/politique-de-confidentialite-en-ligne-et-dutilisation-des-cookies\/","og_site_name":"Art et Creation","article_publisher":"https:\/\/www.facebook.com\/artetcreation\/","article_modified_time":"2022-04-10T10:01:43+00:00","twitter_card":"summary_large_image","twitter_misc":{"Dur\u00e9e de lecture estim\u00e9e":"4 minutes"},"schema":{"@context":"https:\/\/schema.org","@graph":[{"@type":"WebPage","@id":"https:\/\/www.artetcreation.nl\/fr\/politique-de-confidentialite-en-ligne-et-dutilisation-des-cookies\/","url":"https:\/\/www.artetcreation.nl\/fr\/politique-de-confidentialite-en-ligne-et-dutilisation-des-cookies\/","name":"Politique de confidentialit\u00e9","isPartOf":{"@id":"https:\/\/www.artetcreation.nl\/fr\/#website"},"datePublished":"2022-02-27T08:57:18+00:00","dateModified":"2022-04-10T10:01:43+00:00","description":"Art et Creation, situ\u00e9 \u00e0 43300 Le Bourg Saint B\u00e9rain France, est responsable du traitement des donn\u00e9es personnelles tel qu\u2019indiqu\u00e9 dans cette d\u00e9claration de Politique de confidentialit\u00e9 en ligne et d\u2019utilisation des cookies","breadcrumb":{"@id":"https:\/\/www.artetcreation.nl\/fr\/politique-de-confidentialite-en-ligne-et-dutilisation-des-cookies\/#breadcrumb"},"inLanguage":"fr-FR","potentialAction":[{"@type":"ReadAction","target":["https:\/\/www.artetcreation.nl\/fr\/politique-de-confidentialite-en-ligne-et-dutilisation-des-cookies\/"]}]},{"@type":"BreadcrumbList","@id":"https:\/\/www.artetcreation.nl\/fr\/politique-de-confidentialite-en-ligne-et-dutilisation-des-cookies\/#breadcrumb","itemListElement":[{"@type":"ListItem","position":1,"name":"Home","item":"https:\/\/www.artetcreation.nl\/fr\/source-dinspiration-en-auvergne\/"},{"@type":"ListItem","position":2,"name":"Politique de confidentialit\u00e9 en ligne et d\u2019utilisation des cookies"}]},{"@type":"WebSite","@id":"https:\/\/www.artetcreation.nl\/fr\/#website","url":"https:\/\/www.artetcreation.nl\/fr\/","name":"Art et Creation","description":"DES VACANCES INSPIRANTES EN PLEINE NATURE","publisher":{"@id":"https:\/\/www.artetcreation.nl\/fr\/#organization"},"potentialAction":[{"@type":"SearchAction","target":{"@type":"EntryPoint","urlTemplate":"https:\/\/www.artetcreation.nl\/fr\/?s={search_term_string}"},"query-input":{"@type":"PropertyValueSpecification","valueRequired":true,"valueName":"search_term_string"}}],"inLanguage":"fr-FR"},{"@type":"Organization","@id":"https:\/\/www.artetcreation.nl\/fr\/#organization","name":"Art et Creation","url":"https:\/\/www.artetcreation.nl\/fr\/","logo":{"@type":"ImageObject","inLanguage":"fr-FR","@id":"https:\/\/www.artetcreation.nl\/fr\/#\/schema\/logo\/image\/","url":"https:\/\/pre-prod.artetcreation.nl\/wp-content\/uploads\/2022\/02\/cropped-Wordpress-Transparent-1.png","contentUrl":"https:\/\/pre-prod.artetcreation.nl\/wp-content\/uploads\/2022\/02\/cropped-Wordpress-Transparent-1.png","width":512,"height":512,"caption":"Art et Creation"},"image":{"@id":"https:\/\/www.artetcreation.nl\/fr\/#\/schema\/logo\/image\/"},"sameAs":["https:\/\/www.facebook.com\/artetcreation\/","https:\/\/www.instagram.com\/artetcreation\/"]}]}},"_links":{"self":[{"href":"https:\/\/www.artetcreation.nl\/fr\/wp-json\/wp\/v2\/pages\/11583","targetHints":{"allow":["GET"]}}],"collection":[{"href":"https:\/\/www.artetcreation.nl\/fr\/wp-json\/wp\/v2\/pages"}],"about":[{"href":"https:\/\/www.artetcreation.nl\/fr\/wp-json\/wp\/v2\/types\/page"}],"author":[{"embeddable":true,"href":"https:\/\/www.artetcreation.nl\/fr\/wp-json\/wp\/v2\/users\/4"}],"replies":[{"embeddable":true,"href":"https:\/\/www.artetcreation.nl\/fr\/wp-json\/wp\/v2\/comments?post=11583"}],"version-history":[{"count":0,"href":"https:\/\/www.artetcreation.nl\/fr\/wp-json\/wp\/v2\/pages\/11583\/revisions"}],"wp:attachment":[{"href":"https:\/\/www.artetcreation.nl\/fr\/wp-json\/wp\/v2\/media?parent=11583"}],"curies":[{"name":"wp","href":"https:\/\/api.w.org\/{rel}","templated":true}]}}