{"id":11746,"date":"2022-03-30T15:44:00","date_gmt":"2022-03-30T13:44:00","guid":{"rendered":"https:\/\/www.artetcreation.nl\/conditions-generales-de-vente\/"},"modified":"2026-01-25T11:40:15","modified_gmt":"2026-01-25T10:40:15","slug":"conditions-generales-de-vente","status":"publish","type":"page","link":"https:\/\/www.artetcreation.nl\/fr\/conditions-generales-de-vente\/","title":{"rendered":"Conditions g\u00e9n\u00e9rales de vente"},"content":{"rendered":"\t\t<div data-elementor-type=\"wp-page\" data-elementor-id=\"11746\" class=\"elementor elementor-11746 elementor-11703\">\n\t\t\t\t\t\t<section class=\"elementor-section elementor-top-section elementor-element elementor-element-e078f52 elementor-section-boxed elementor-section-height-default elementor-section-height-default\" data-id=\"e078f52\" data-element_type=\"section\" data-e-type=\"section\">\n\t\t\t\t\t\t<div class=\"elementor-container elementor-column-gap-default\">\n\t\t\t\t\t<div class=\"elementor-column elementor-col-100 elementor-top-column elementor-element elementor-element-06ddd47\" data-id=\"06ddd47\" data-element_type=\"column\" data-e-type=\"column\">\n\t\t\t<div class=\"elementor-widget-wrap elementor-element-populated\">\n\t\t\t\t\t\t<div class=\"elementor-element elementor-element-b8085f4 elementor-widget elementor-widget-heading\" data-id=\"b8085f4\" data-element_type=\"widget\" data-e-type=\"widget\" data-widget_type=\"heading.default\">\n\t\t\t\t<div class=\"elementor-widget-container\">\n\t\t\t\t\t<h2 class=\"elementor-heading-title elementor-size-default\">Conditions G\u00e9n\u00e9rales de Vente\n<\/h2>\t\t\t\t<\/div>\n\t\t\t\t<\/div>\n\t\t\t\t<div class=\"elementor-element elementor-element-9d94c1e elementor-widget elementor-widget-text-editor\" data-id=\"9d94c1e\" data-element_type=\"widget\" data-e-type=\"widget\" data-widget_type=\"text-editor.default\">\n\t\t\t\t<div class=\"elementor-widget-container\">\n\t\t\t\t\t\t\t\t\t<p>La r\u00e9servation d\u2019une chambre implique l\u2019acceptation des Conditions G\u00e9n\u00e9rales \u00e9nonc\u00e9es ci-apr\u00e8s dans leur globalit\u00e9.<\/p><p><b>Paiement et prix<\/b><\/p><p>Les tarifs affich\u00e9s sont des prix par chambre, \u00e0 la nuit\u00e9e, petits d\u00e9jeuners inclus, Les tarifs n'incluent pas les prestations compl\u00e9mentaires \u00e9ventuelles.<\/p><p>La taxe de s\u00e9jour n\u2019est pas incluse dans le prix de la chambres<\/p><p>Les prix indiqu\u00e9s pour notre offre de stage sont bas\u00e9s sur la pension compl\u00e8te et incluent les frais de stage.<\/p><p>Les tarifs n'incluent pas les prestations compl\u00e9mentaires \u00e9ventuelles.<\/p><p>2. la taxe de s\u00e9jour n\u2019est pas incluse dans le prix de la chambres<\/p><p>La r\u00e9servation devient effective lorsque le client a vers\u00e9 \u00e0 Art et Creation un acompte \u00e9gal \u00e0 40% du montant total du prix du s\u00e9jour. 100% dans le cas d\u2019une r\u00e9servation moins de 14 jours avant l\u2019arriv\u00e9e.<\/p><p><span style=\"font-style: inherit;\">R\u00e8glement du Solde<\/span><\/p><p><span style=\"font-style: inherit;\">R\u00e8glement du solde de l\u2019h\u00e9bergement Le solde du s\u00e9jour est \u00e0 r\u00e9gler avant le d\u00e9part.<\/span><\/p><p>Une facture est remise au client \u00e0 son d\u00e9part avec le d\u00e9tail de la prestation, le montant de l'h\u00e9bergement, le montant des prestations suppl\u00e9mentaires \u00e9ventuelles, le montant de la taxe de s\u00e9jour, le montant de la TVA appliqu\u00e9e.<\/p><p>Les frais de stage doivent \u00eatre pay\u00e9s en totalit\u00e9 14 jours avant le d\u00e9but de la date de stage.<\/p><p><b>Art de vivre et utilisation des lieux<\/b><\/p><p>Le client devra respecter le caract\u00e8re paisible des lieux et en faire un usage conforme \u00e0 leur destination. Il s\u2019engage \u00e9galement \u00e0 rendre les lieux confi\u00e9s en bon \u00e9tat. La maison \u00e9tant non fumeur, le client s\u2019engage \u00e0 respecter cette consigne \u00e0 l\u2019int\u00e9rieure de la maison, pendant son s\u00e9jour. La circulation dans les chambres et dans l 'escalier doit se faire sans chaussures.<b><br><\/b><\/p><p><b style=\"font-style: inherit;\">Heure d'arriv\u00e9e \/ heure de d\u00e9part<\/b><\/p><p>Heure d\u2019arriv\u00e9e<\/p><p>Le client doit arriver le jour indiqu\u00e9 lors de la r\u00e9servation, au plus t\u00f4t \u00e0 16h30 (heure de disponibilit\u00e9 de la chambre).<\/p><p>Heure de d\u00e9part<\/p><p>L\u2019heure de d\u00e9part des chambres est fix\u00e9e : en semaine du lundi au vendredi \u00e0 10h00 au plus tard.<\/p><p>Samedi et dimanche \u00e0 10h30 au plus tard. <\/p><p><b>Annulation du s\u00e9jour par client<\/b><\/p><p>Tout changement de r\u00e9servation, de date, de chambre, n'est possible qu'avec l'accord du propri\u00e9taire et peut \u00e9ventuellement entra\u00eener des frais suppl\u00e9mentaires, et sera effectu\u00e9 en fonction des disponibilit\u00e9s \u00e0 la date du changement. <\/p><p>Si l\u2019annulation intervient plus de 60 jours calendaire avant la date d\u2019arriv\u00e9e, les Arrhes vers\u00e9s \u00e0 la r\u00e9servation seront rembours\u00e9s dans leur totalit\u00e9 au client . Avec une d\u00e9duction de 15 euros pour frais administratifs.<\/p><p><span style=\"font-style: inherit;\">Si l\u2019annulation intervient entre le 60 \u00e9me jour calendaire et le 3\u00e9me jour calendaire avant la date d\u2019arriv\u00e9e, les Arrhes vers\u00e9s \u00e0 la r\u00e9servation resteront acquis au propri\u00e9taire.<\/span><\/p><p>Si l\u2019annulation intervient moins de 48 heures avant la date d\u2019arriv\u00e9e, la totalit\u00e9 du montant de la r\u00e9servation restera due au propri\u00e9taire.<\/p><p> En cas de d\u00e9part anticip\u00e9 pendant le s\u00e9jour, la totalit\u00e9 de la prestation r\u00e9serv\u00e9e est due.<\/p><p>Si le client ne se manifeste pas avant 23 heures le jour pr\u00e9vu de d\u00e9but du s\u00e9jour, la r\u00e9servation est automatiquement annul\u00e9e et le propri\u00e9taire peut disposer de ses chambres. Les arrhes restent acquis au propri\u00e9taire qui est alors en droit de r\u00e9clamer le solde du prix de l\u2019h\u00e9bergement<\/p><p>L\u2019annulation par le propri\u00e9taire : lorsqu\u2019avant le d\u00e9but du s\u00e9jour, le propri\u00e9taire annule celui-ci, il doit informer le client par lettre recommand\u00e9e avec avis de r\u00e9ception ou t\u00e9l\u00e9gramme. Le client, sans pr\u00e9juger des recours en r\u00e9paration des dommages \u00e9ventuellement subis, sera rembours\u00e9 imm\u00e9diatement des sommes vers\u00e9es.<\/p><p><b>Nombre de personnes\/d'enfants\/d'animaux<\/b><\/p><p>La r\u00e9servation d\u2019une chambre est \u00e9tablie pour un nombre pr\u00e9cis de personnes. Si le nombre de clients d\u00e9passe ce nombre, le propri\u00e9taire est en droit de refuser les clients suppl\u00e9mentaires ou de refuser l\u2019acc\u00e8s. Ce refus ne peut en aucun cas \u00eatre consid\u00e9r\u00e9 comme une modification ou une rupture de contrat \u00e0 l\u2019initiative du propri\u00e9taire, de sorte qu\u2019en cas de d\u00e9part d\u2019un nombre de clients sup\u00e9rieur \u00e0 ceux refus\u00e9s, aucun remboursement ne peut \u00eatre envisag\u00e9 et le solde reste d\u00fb.<span style=\"font-style: inherit;\"> <\/span><\/p><p>Nos Chambres d'h\u00f4tes sont accessibles \u00e0 partir de 16 ans.<\/p><p>Les animaux de compagnie ne sont pas admis. En cas de non respect de cette clause par le client, le propri\u00e9taire peut refuser les animaux. Ce refus ne peut en aucun cas \u00eatre consid\u00e9r\u00e9 comme une modification ou une rupture de contrat \u00e0 l\u2019initiative du propri\u00e9taire, de sorte qu\u2019en cas de d\u00e9part d\u2019un nombre de clients sup\u00e9rieur \u00e0 ceux refus\u00e9s, aucun remboursement ne peut \u00eatre envisag\u00e9 et le solde reste d\u00fb.<\/p><p><b>Modification des conditions de vente<\/b><\/p><p>Modification des conditions de vente Les pr\u00e9sentes conditions de vente sont modifiables \u00e0 tout moment et sans pr\u00e9avis. L\u2019acceptation et le respect de ces conditions de vente sont r\u00e9put\u00e9s acquis aussit\u00f4t les arrhes vers\u00e9s.<\/p><p><b>Loi sur la protection des informations personnelles<\/b><\/p><p>Conform\u00e9ment \u00e0 la loi n\u00b078-17 du 6 janvier 1978 relative \u00e0 l'informatique, aux fichiers et aux libert\u00e9s, le client b\u00e9n\u00e9ficie d'un droit d'acc\u00e8s et de rectification des donn\u00e9es le concernant. Le propri\u00e9taire s'engage en aucun cas \u00e0 transmettre les informations communiqu\u00e9es par le client \u00e0 d'autres soci\u00e9t\u00e9s ou organismes \u00e0 des fins publicitaires.<\/p>\t\t\t\t\t\t\t\t<\/div>\n\t\t\t\t<\/div>\n\t\t\t\t\t<\/div>\n\t\t<\/div>\n\t\t\t\t\t<\/div>\n\t\t<\/section>\n\t\t\t\t<\/div>\n\t\t","protected":false},"excerpt":{"rendered":"<p>Conditions G\u00e9n\u00e9rales de Vente La r\u00e9servation d\u2019une chambre implique l\u2019acceptation des Conditions G\u00e9n\u00e9rales \u00e9nonc\u00e9es ci-apr\u00e8s dans leur globalit\u00e9. Paiement et prix Les tarifs affich\u00e9s sont des prix par chambre, \u00e0 la nuit\u00e9e, petits d\u00e9jeuners inclus, Les tarifs n'incluent pas les prestations compl\u00e9mentaires \u00e9ventuelles. La taxe de s\u00e9jour n\u2019est pas incluse dans le prix de la [&hellip;]<\/p>\n","protected":false},"author":4,"featured_media":12831,"parent":0,"menu_order":0,"comment_status":"closed","ping_status":"closed","template":"","meta":{"site-sidebar-layout":"no-sidebar","site-content-layout":"page-builder","ast-site-content-layout":"","site-content-style":"default","site-sidebar-style":"default","ast-global-header-display":"","ast-banner-title-visibility":"","ast-main-header-display":"","ast-hfb-above-header-display":"","ast-hfb-below-header-display":"","ast-hfb-mobile-header-display":"","site-post-title":"disabled","ast-breadcrumbs-content":"","ast-featured-img":"disabled","footer-sml-layout":"","theme-transparent-header-meta":"","adv-header-id-meta":"","stick-header-meta":"","header-above-stick-meta":"","header-main-stick-meta":"","header-below-stick-meta":"","astra-migrate-meta-layouts":"default","ast-page-background-enabled":"default","ast-page-background-meta":{"desktop":{"background-color":"","background-image":"","background-repeat":"repeat","background-position":"center center","background-size":"auto","background-attachment":"scroll","background-type":"","background-media":"","overlay-type":"","overlay-color":"","overlay-opacity":"","overlay-gradient":""},"tablet":{"background-color":"","background-image":"","background-repeat":"repeat","background-position":"center center","background-size":"auto","background-attachment":"scroll","background-type":"","background-media":"","overlay-type":"","overlay-color":"","overlay-opacity":"","overlay-gradient":""},"mobile":{"background-color":"","background-image":"","background-repeat":"repeat","background-position":"center center","background-size":"auto","background-attachment":"scroll","background-type":"","background-media":"","overlay-type":"","overlay-color":"","overlay-opacity":"","overlay-gradient":""}},"ast-content-background-meta":{"desktop":{"background-color":"var(--ast-global-color-5)","background-image":"","background-repeat":"repeat","background-position":"center center","background-size":"auto","background-attachment":"scroll","background-type":"","background-media":"","overlay-type":"","overlay-color":"","overlay-opacity":"","overlay-gradient":""},"tablet":{"background-color":"var(--ast-global-color-5)","background-image":"","background-repeat":"repeat","background-position":"center center","background-size":"auto","background-attachment":"scroll","background-type":"","background-media":"","overlay-type":"","overlay-color":"","overlay-opacity":"","overlay-gradient":""},"mobile":{"background-color":"var(--ast-global-color-5)","background-image":"","background-repeat":"repeat","background-position":"center center","background-size":"auto","background-attachment":"scroll","background-type":"","background-media":"","overlay-type":"","overlay-color":"","overlay-opacity":"","overlay-gradient":""}},"footnotes":""},"class_list":["post-11746","page","type-page","status-publish","has-post-thumbnail","hentry"],"yoast_head":"<!-- This site is optimized with the Yoast SEO plugin v27.4 - https:\/\/yoast.com\/product\/yoast-seo-wordpress\/ -->\n<title>Conditions g\u00e9n\u00e9rales de vente<\/title>\n<meta name=\"description\" content=\"La r\u00e9servation d\u2019une chambre implique l\u2019acceptation des Conditions G\u00e9n\u00e9rales \u00e9nonc\u00e9es ci-apr\u00e8s dans leur globalit\u00e9.\" \/>\n<meta name=\"robots\" content=\"index, follow, max-snippet:-1, max-image-preview:large, max-video-preview:-1\" \/>\n<link rel=\"canonical\" href=\"https:\/\/www.artetcreation.nl\/fr\/conditions-generales-de-vente\/\" \/>\n<meta property=\"og:locale\" content=\"fr_FR\" \/>\n<meta property=\"og:type\" content=\"article\" \/>\n<meta property=\"og:title\" content=\"Conditions g\u00e9n\u00e9rales de vente\" \/>\n<meta property=\"og:description\" content=\"La r\u00e9servation d\u2019une chambre implique l\u2019acceptation des Conditions G\u00e9n\u00e9rales \u00e9nonc\u00e9es ci-apr\u00e8s dans leur globalit\u00e9.\" \/>\n<meta property=\"og:url\" content=\"https:\/\/www.artetcreation.nl\/fr\/conditions-generales-de-vente\/\" \/>\n<meta property=\"og:site_name\" content=\"Art et Creation\" \/>\n<meta property=\"article:publisher\" content=\"https:\/\/www.facebook.com\/artetcreation\/\" \/>\n<meta property=\"article:modified_time\" content=\"2026-01-25T10:40:15+00:00\" \/>\n<meta property=\"og:image\" content=\"https:\/\/www.artetcreation.nl\/wp-content\/uploads\/2022\/04\/zonsondergang-zomer-2018.jpg\" \/>\n\t<meta property=\"og:image:width\" content=\"768\" \/>\n\t<meta property=\"og:image:height\" content=\"1024\" \/>\n\t<meta property=\"og:image:type\" content=\"image\/jpeg\" \/>\n<meta name=\"twitter:card\" content=\"summary_large_image\" \/>\n<meta name=\"twitter:label1\" content=\"Dur\u00e9e de lecture estim\u00e9e\" \/>\n\t<meta name=\"twitter:data1\" content=\"5 minutes\" \/>\n<script type=\"application\/ld+json\" class=\"yoast-schema-graph\">{\"@context\":\"https:\\\/\\\/schema.org\",\"@graph\":[{\"@type\":\"WebPage\",\"@id\":\"https:\\\/\\\/www.artetcreation.nl\\\/fr\\\/conditions-generales-de-vente\\\/\",\"url\":\"https:\\\/\\\/www.artetcreation.nl\\\/fr\\\/conditions-generales-de-vente\\\/\",\"name\":\"Conditions g\u00e9n\u00e9rales de vente\",\"isPartOf\":{\"@id\":\"https:\\\/\\\/www.artetcreation.nl\\\/fr\\\/#website\"},\"primaryImageOfPage\":{\"@id\":\"https:\\\/\\\/www.artetcreation.nl\\\/fr\\\/conditions-generales-de-vente\\\/#primaryimage\"},\"image\":{\"@id\":\"https:\\\/\\\/www.artetcreation.nl\\\/fr\\\/conditions-generales-de-vente\\\/#primaryimage\"},\"thumbnailUrl\":\"https:\\\/\\\/www.artetcreation.nl\\\/wp-content\\\/uploads\\\/2022\\\/04\\\/zonsondergang-zomer-2018.jpg\",\"datePublished\":\"2022-03-30T13:44:00+00:00\",\"dateModified\":\"2026-01-25T10:40:15+00:00\",\"description\":\"La r\u00e9servation d\u2019une chambre implique l\u2019acceptation des Conditions G\u00e9n\u00e9rales \u00e9nonc\u00e9es ci-apr\u00e8s dans leur globalit\u00e9.\",\"breadcrumb\":{\"@id\":\"https:\\\/\\\/www.artetcreation.nl\\\/fr\\\/conditions-generales-de-vente\\\/#breadcrumb\"},\"inLanguage\":\"fr-FR\",\"potentialAction\":[{\"@type\":\"ReadAction\",\"target\":[\"https:\\\/\\\/www.artetcreation.nl\\\/fr\\\/conditions-generales-de-vente\\\/\"]}]},{\"@type\":\"ImageObject\",\"inLanguage\":\"fr-FR\",\"@id\":\"https:\\\/\\\/www.artetcreation.nl\\\/fr\\\/conditions-generales-de-vente\\\/#primaryimage\",\"url\":\"https:\\\/\\\/www.artetcreation.nl\\\/wp-content\\\/uploads\\\/2022\\\/04\\\/zonsondergang-zomer-2018.jpg\",\"contentUrl\":\"https:\\\/\\\/www.artetcreation.nl\\\/wp-content\\\/uploads\\\/2022\\\/04\\\/zonsondergang-zomer-2018.jpg\",\"width\":768,\"height\":1024},{\"@type\":\"BreadcrumbList\",\"@id\":\"https:\\\/\\\/www.artetcreation.nl\\\/fr\\\/conditions-generales-de-vente\\\/#breadcrumb\",\"itemListElement\":[{\"@type\":\"ListItem\",\"position\":1,\"name\":\"Home\",\"item\":\"https:\\\/\\\/www.artetcreation.nl\\\/fr\\\/source-dinspiration-en-auvergne\\\/\"},{\"@type\":\"ListItem\",\"position\":2,\"name\":\"Conditions g\u00e9n\u00e9rales de vente\"}]},{\"@type\":\"WebSite\",\"@id\":\"https:\\\/\\\/www.artetcreation.nl\\\/fr\\\/#website\",\"url\":\"https:\\\/\\\/www.artetcreation.nl\\\/fr\\\/\",\"name\":\"Art et Creation\",\"description\":\"DES VACANCES INSPIRANTES EN PLEINE NATURE\",\"publisher\":{\"@id\":\"https:\\\/\\\/www.artetcreation.nl\\\/fr\\\/#organization\"},\"potentialAction\":[{\"@type\":\"SearchAction\",\"target\":{\"@type\":\"EntryPoint\",\"urlTemplate\":\"https:\\\/\\\/www.artetcreation.nl\\\/fr\\\/?s={search_term_string}\"},\"query-input\":{\"@type\":\"PropertyValueSpecification\",\"valueRequired\":true,\"valueName\":\"search_term_string\"}}],\"inLanguage\":\"fr-FR\"},{\"@type\":\"Organization\",\"@id\":\"https:\\\/\\\/www.artetcreation.nl\\\/fr\\\/#organization\",\"name\":\"Art et Creation\",\"url\":\"https:\\\/\\\/www.artetcreation.nl\\\/fr\\\/\",\"logo\":{\"@type\":\"ImageObject\",\"inLanguage\":\"fr-FR\",\"@id\":\"https:\\\/\\\/www.artetcreation.nl\\\/fr\\\/#\\\/schema\\\/logo\\\/image\\\/\",\"url\":\"https:\\\/\\\/pre-prod.artetcreation.nl\\\/wp-content\\\/uploads\\\/2022\\\/02\\\/cropped-Wordpress-Transparent-1.png\",\"contentUrl\":\"https:\\\/\\\/pre-prod.artetcreation.nl\\\/wp-content\\\/uploads\\\/2022\\\/02\\\/cropped-Wordpress-Transparent-1.png\",\"width\":512,\"height\":512,\"caption\":\"Art et Creation\"},\"image\":{\"@id\":\"https:\\\/\\\/www.artetcreation.nl\\\/fr\\\/#\\\/schema\\\/logo\\\/image\\\/\"},\"sameAs\":[\"https:\\\/\\\/www.facebook.com\\\/artetcreation\\\/\",\"https:\\\/\\\/www.instagram.com\\\/artetcreation\\\/\"]}]}<\/script>\n<!-- \/ Yoast SEO plugin. -->","yoast_head_json":{"title":"Conditions g\u00e9n\u00e9rales de vente","description":"La r\u00e9servation d\u2019une chambre implique l\u2019acceptation des Conditions G\u00e9n\u00e9rales \u00e9nonc\u00e9es ci-apr\u00e8s dans leur globalit\u00e9.","robots":{"index":"index","follow":"follow","max-snippet":"max-snippet:-1","max-image-preview":"max-image-preview:large","max-video-preview":"max-video-preview:-1"},"canonical":"https:\/\/www.artetcreation.nl\/fr\/conditions-generales-de-vente\/","og_locale":"fr_FR","og_type":"article","og_title":"Conditions g\u00e9n\u00e9rales de vente","og_description":"La r\u00e9servation d\u2019une chambre implique l\u2019acceptation des Conditions G\u00e9n\u00e9rales \u00e9nonc\u00e9es ci-apr\u00e8s dans leur globalit\u00e9.","og_url":"https:\/\/www.artetcreation.nl\/fr\/conditions-generales-de-vente\/","og_site_name":"Art et Creation","article_publisher":"https:\/\/www.facebook.com\/artetcreation\/","article_modified_time":"2026-01-25T10:40:15+00:00","og_image":[{"width":768,"height":1024,"url":"https:\/\/www.artetcreation.nl\/wp-content\/uploads\/2022\/04\/zonsondergang-zomer-2018.jpg","type":"image\/jpeg"}],"twitter_card":"summary_large_image","twitter_misc":{"Dur\u00e9e de lecture estim\u00e9e":"5 minutes"},"schema":{"@context":"https:\/\/schema.org","@graph":[{"@type":"WebPage","@id":"https:\/\/www.artetcreation.nl\/fr\/conditions-generales-de-vente\/","url":"https:\/\/www.artetcreation.nl\/fr\/conditions-generales-de-vente\/","name":"Conditions g\u00e9n\u00e9rales de vente","isPartOf":{"@id":"https:\/\/www.artetcreation.nl\/fr\/#website"},"primaryImageOfPage":{"@id":"https:\/\/www.artetcreation.nl\/fr\/conditions-generales-de-vente\/#primaryimage"},"image":{"@id":"https:\/\/www.artetcreation.nl\/fr\/conditions-generales-de-vente\/#primaryimage"},"thumbnailUrl":"https:\/\/www.artetcreation.nl\/wp-content\/uploads\/2022\/04\/zonsondergang-zomer-2018.jpg","datePublished":"2022-03-30T13:44:00+00:00","dateModified":"2026-01-25T10:40:15+00:00","description":"La r\u00e9servation d\u2019une chambre implique l\u2019acceptation des Conditions G\u00e9n\u00e9rales \u00e9nonc\u00e9es ci-apr\u00e8s dans leur globalit\u00e9.","breadcrumb":{"@id":"https:\/\/www.artetcreation.nl\/fr\/conditions-generales-de-vente\/#breadcrumb"},"inLanguage":"fr-FR","potentialAction":[{"@type":"ReadAction","target":["https:\/\/www.artetcreation.nl\/fr\/conditions-generales-de-vente\/"]}]},{"@type":"ImageObject","inLanguage":"fr-FR","@id":"https:\/\/www.artetcreation.nl\/fr\/conditions-generales-de-vente\/#primaryimage","url":"https:\/\/www.artetcreation.nl\/wp-content\/uploads\/2022\/04\/zonsondergang-zomer-2018.jpg","contentUrl":"https:\/\/www.artetcreation.nl\/wp-content\/uploads\/2022\/04\/zonsondergang-zomer-2018.jpg","width":768,"height":1024},{"@type":"BreadcrumbList","@id":"https:\/\/www.artetcreation.nl\/fr\/conditions-generales-de-vente\/#breadcrumb","itemListElement":[{"@type":"ListItem","position":1,"name":"Home","item":"https:\/\/www.artetcreation.nl\/fr\/source-dinspiration-en-auvergne\/"},{"@type":"ListItem","position":2,"name":"Conditions g\u00e9n\u00e9rales de vente"}]},{"@type":"WebSite","@id":"https:\/\/www.artetcreation.nl\/fr\/#website","url":"https:\/\/www.artetcreation.nl\/fr\/","name":"Art et Creation","description":"DES VACANCES INSPIRANTES EN PLEINE NATURE","publisher":{"@id":"https:\/\/www.artetcreation.nl\/fr\/#organization"},"potentialAction":[{"@type":"SearchAction","target":{"@type":"EntryPoint","urlTemplate":"https:\/\/www.artetcreation.nl\/fr\/?s={search_term_string}"},"query-input":{"@type":"PropertyValueSpecification","valueRequired":true,"valueName":"search_term_string"}}],"inLanguage":"fr-FR"},{"@type":"Organization","@id":"https:\/\/www.artetcreation.nl\/fr\/#organization","name":"Art et Creation","url":"https:\/\/www.artetcreation.nl\/fr\/","logo":{"@type":"ImageObject","inLanguage":"fr-FR","@id":"https:\/\/www.artetcreation.nl\/fr\/#\/schema\/logo\/image\/","url":"https:\/\/pre-prod.artetcreation.nl\/wp-content\/uploads\/2022\/02\/cropped-Wordpress-Transparent-1.png","contentUrl":"https:\/\/pre-prod.artetcreation.nl\/wp-content\/uploads\/2022\/02\/cropped-Wordpress-Transparent-1.png","width":512,"height":512,"caption":"Art et Creation"},"image":{"@id":"https:\/\/www.artetcreation.nl\/fr\/#\/schema\/logo\/image\/"},"sameAs":["https:\/\/www.facebook.com\/artetcreation\/","https:\/\/www.instagram.com\/artetcreation\/"]}]}},"_links":{"self":[{"href":"https:\/\/www.artetcreation.nl\/fr\/wp-json\/wp\/v2\/pages\/11746","targetHints":{"allow":["GET"]}}],"collection":[{"href":"https:\/\/www.artetcreation.nl\/fr\/wp-json\/wp\/v2\/pages"}],"about":[{"href":"https:\/\/www.artetcreation.nl\/fr\/wp-json\/wp\/v2\/types\/page"}],"author":[{"embeddable":true,"href":"https:\/\/www.artetcreation.nl\/fr\/wp-json\/wp\/v2\/users\/4"}],"replies":[{"embeddable":true,"href":"https:\/\/www.artetcreation.nl\/fr\/wp-json\/wp\/v2\/comments?post=11746"}],"version-history":[{"count":2,"href":"https:\/\/www.artetcreation.nl\/fr\/wp-json\/wp\/v2\/pages\/11746\/revisions"}],"predecessor-version":[{"id":17517,"href":"https:\/\/www.artetcreation.nl\/fr\/wp-json\/wp\/v2\/pages\/11746\/revisions\/17517"}],"wp:featuredmedia":[{"embeddable":true,"href":"https:\/\/www.artetcreation.nl\/fr\/wp-json\/wp\/v2\/media\/12831"}],"wp:attachment":[{"href":"https:\/\/www.artetcreation.nl\/fr\/wp-json\/wp\/v2\/media?parent=11746"}],"curies":[{"name":"wp","href":"https:\/\/api.w.org\/{rel}","templated":true}]}}